{"id":102,"date":"2025-06-30T17:44:57","date_gmt":"2025-06-30T17:44:57","guid":{"rendered":"https:\/\/portaldoimigrante.resultate.site\/?page_id=102"},"modified":"2026-02-13T14:27:09","modified_gmt":"2026-02-13T14:27:09","slug":"ibiracu","status":"publish","type":"page","link":"https:\/\/portaldoimigrante.resultate.site\/en\/ibiracu\/","title":{"rendered":"Ibira\u00e7u"},"content":{"rendered":"<div data-elementor-type=\"wp-page\" data-elementor-id=\"102\" class=\"elementor elementor-102\" data-elementor-post-type=\"page\">\n\t\t\t\t<div class=\"elementor-element elementor-element-3298ba6 e-flex e-con-boxed e-con e-parent\" data-id=\"3298ba6\" data-element_type=\"container\" data-settings=\"{&quot;background_background&quot;:&quot;classic&quot;}\">\n\t\t\t\t\t<div class=\"e-con-inner\">\n\t\t<div class=\"elementor-element elementor-element-34bc66e e-con-full e-flex e-con e-child\" data-id=\"34bc66e\" data-element_type=\"container\">\n\t\t\t\t<div class=\"elementor-element elementor-element-cb0c6ea elementor-align-justify elementor-widget__width-inherit menu-nossahistoria elementor-widget elementor-widget-button\" data-id=\"cb0c6ea\" data-element_type=\"widget\" data-widget_type=\"button.default\">\n\t\t\t\t\t\t\t\t\t\t<a class=\"elementor-button elementor-button-link elementor-size-sm\" href=\"\/en\/ibiracu\/our-history\/\">\n\t\t\t\t\t\t<span class=\"elementor-button-content-wrapper\">\n\t\t\t\t\t\t\t\t\t<span class=\"elementor-button-text\">Our Story<\/span>\n\t\t\t\t\t<\/span>\n\t\t\t\t\t<\/a>\n\t\t\t\t\t\t\t\t<\/div>\n\t\t\t\t<div class=\"elementor-element elementor-element-39a7a58 elementor-align-justify elementor-widget__width-inherit menu-atrativosturisticos elementor-widget elementor-widget-button\" data-id=\"39a7a58\" data-element_type=\"widget\" data-widget_type=\"button.default\">\n\t\t\t\t\t\t\t\t\t\t<a class=\"elementor-button elementor-button-link elementor-size-sm\" href=\"\/en\/ibiracu\/tourist-attractions\/\">\n\t\t\t\t\t\t<span class=\"elementor-button-content-wrapper\">\n\t\t\t\t\t\t\t\t\t<span class=\"elementor-button-text\">Tourist Attractions<\/span>\n\t\t\t\t\t<\/span>\n\t\t\t\t\t<\/a>\n\t\t\t\t\t\t\t\t<\/div>\n\t\t\t\t<div class=\"elementor-element elementor-element-3c70139 elementor-align-justify elementor-widget__width-inherit menu-eventos elementor-widget elementor-widget-button\" data-id=\"3c70139\" data-element_type=\"widget\" data-widget_type=\"button.default\">\n\t\t\t\t\t\t\t\t\t\t<a class=\"elementor-button elementor-button-link elementor-size-sm\" href=\"\/en\/ibiracu\/events\/\">\n\t\t\t\t\t\t<span class=\"elementor-button-content-wrapper\">\n\t\t\t\t\t\t\t\t\t<span class=\"elementor-button-text\">Events<\/span>\n\t\t\t\t\t<\/span>\n\t\t\t\t\t<\/a>\n\t\t\t\t\t\t\t\t<\/div>\n\t\t\t\t<div class=\"elementor-element elementor-element-0a3cb81 elementor-align-justify elementor-widget__width-inherit menu-experiencias elementor-widget elementor-widget-button\" data-id=\"0a3cb81\" data-element_type=\"widget\" data-widget_type=\"button.default\">\n\t\t\t\t\t\t\t\t\t\t<a class=\"elementor-button elementor-button-link elementor-size-sm\" href=\"\/en\/ibiracu\/experiencias\/\">\n\t\t\t\t\t\t<span class=\"elementor-button-content-wrapper\">\n\t\t\t\t\t\t\t\t\t<span class=\"elementor-button-text\">Experience<\/span>\n\t\t\t\t\t<\/span>\n\t\t\t\t\t<\/a>\n\t\t\t\t\t\t\t\t<\/div>\n\t\t\t\t<div class=\"elementor-element elementor-element-b0f5230 elementor-align-justify elementor-widget__width-inherit menucontatos elementor-widget elementor-widget-button\" data-id=\"b0f5230\" data-element_type=\"widget\" data-widget_type=\"button.default\">\n\t\t\t\t\t\t\t\t\t\t<a class=\"elementor-button elementor-button-link elementor-size-sm\" href=\"\/en\/ibiracu\/contacts\/\">\n\t\t\t\t\t\t<span class=\"elementor-button-content-wrapper\">\n\t\t\t\t\t\t\t\t\t<span class=\"elementor-button-text\">Contact<\/span>\n\t\t\t\t\t<\/span>\n\t\t\t\t\t<\/a>\n\t\t\t\t\t\t\t\t<\/div>\n\t\t\t\t<\/div>\n\t\t<div class=\"elementor-element elementor-element-56ae73a e-con-full e-flex e-con e-child\" data-id=\"56ae73a\" data-element_type=\"container\">\n\t\t<div class=\"elementor-element elementor-element-fa834ff e-con-full e-flex e-con e-child\" data-id=\"fa834ff\" data-element_type=\"container\">\n\t\t\t\t<div class=\"elementor-element elementor-element-701d659 elementor-widget elementor-widget-heading\" data-id=\"701d659\" data-element_type=\"widget\" data-widget_type=\"heading.default\">\n\t\t\t\t\t<h2 class=\"elementor-heading-title elementor-size-default\">Welcome to the<\/h2>\t\t\t\t<\/div>\n\t\t\t\t<div class=\"elementor-element elementor-element-6f9b2d8 elementor-widget elementor-widget-heading\" data-id=\"6f9b2d8\" data-element_type=\"widget\" data-widget_type=\"heading.default\">\n\t\t\t\t\t<h2 class=\"elementor-heading-title elementor-size-default\">Ibira\u00e7u<\/h2>\t\t\t\t<\/div>\n\t\t\t\t<\/div>\n\t\t<div class=\"elementor-element elementor-element-3b284af e-con-full e-flex e-con e-child\" data-id=\"3b284af\" data-element_type=\"container\">\n\t\t\t\t<div class=\"elementor-element elementor-element-5fa3e66 espaco-patrocinador elementor-widget elementor-widget-image\" data-id=\"5fa3e66\" data-element_type=\"widget\" data-widget_type=\"image.default\">\n\t\t\t\t\t\t\t\t\t\t\t\t\t\t\t<img fetchpriority=\"high\" decoding=\"async\" width=\"1520\" height=\"136\" src=\"https:\/\/portaldoimigrante.resultate.site\/wp-content\/uploads\/2025\/06\/Frame-70.svg\" class=\"attachment-full size-full wp-image-72\" alt=\"\" \/>\t\t\t\t\t\t\t\t\t\t\t\t\t\t\t<\/div>\n\t\t\t\t<div class=\"elementor-element elementor-element-06c9060 elementor-widget elementor-widget-shortcode\" data-id=\"06c9060\" data-element_type=\"widget\" data-widget_type=\"shortcode.default\">\n\t\t\t\t\t\t\t<div class=\"elementor-shortcode\">\t\t<div data-elementor-type=\"section\" data-elementor-id=\"3042\" class=\"elementor elementor-3042\" data-elementor-post-type=\"elementor_library\">\n\t\t\t\t\t<\/div>\n\t\t<\/div>\n\t\t\t\t\t\t<\/div>\n\t\t\t\t<\/div>\n\t\t<div class=\"elementor-element elementor-element-0803c2d e-con-full e-flex e-con e-child\" data-id=\"0803c2d\" data-element_type=\"container\">\n\t\t\t\t<div class=\"elementor-element elementor-element-d262590 elementor-align-justify elementor-widget__width-initial elementor-widget elementor-widget-button\" data-id=\"d262590\" data-element_type=\"widget\" data-widget_type=\"button.default\">\n\t\t\t\t\t\t\t\t\t\t<a class=\"elementor-button elementor-button-link elementor-size-sm\" href=\"\/en\/escolha-uma-cidade\/\">\n\t\t\t\t\t\t<span class=\"elementor-button-content-wrapper\">\n\t\t\t\t\t\t<span class=\"elementor-button-icon\">\n\t\t\t\t<svg xmlns=\"http:\/\/www.w3.org\/2000\/svg\" width=\"24\" height=\"24\" viewbox=\"0 0 24 24\" fill=\"none\"><path d=\"M5 12H19\" stroke=\"white\" stroke-width=\"1.5\" stroke-linecap=\"round\" stroke-linejoin=\"round\"><\/path><path d=\"M10 7L5 12\" stroke=\"white\" stroke-width=\"1.5\" stroke-linecap=\"round\" stroke-linejoin=\"round\"><\/path><path d=\"M10 17L5 12\" stroke=\"white\" stroke-width=\"1.5\" stroke-linecap=\"round\" stroke-linejoin=\"round\"><\/path><\/svg>\t\t\t<\/span>\n\t\t\t\t\t\t\t\t\t<span class=\"elementor-button-text\">Go back to the Map<\/span>\n\t\t\t\t\t<\/span>\n\t\t\t\t\t<\/a>\n\t\t\t\t\t\t\t\t<\/div>\n\t\t\t\t<\/div>\n\t\t\t\t<\/div>\n\t\t\t\t\t<\/div>\n\t\t\t\t<\/div>\n\t\t\t\t<\/div>","protected":false},"excerpt":{"rendered":"<p>Nossa Hist\u00f3ria Atrativos Tur\u00edsticos Eventos Experi\u00eancias Contatos Bem-vindo a Voltar para o Mapa<\/p>","protected":false},"author":1,"featured_media":152,"parent":0,"menu_order":6,"comment_status":"closed","ping_status":"closed","template":"","meta":{"footnotes":""},"class_list":["post-102","page","type-page","status-publish","has-post-thumbnail","hentry"],"yoast_head":"<!-- This site is optimized with the Yoast SEO plugin v25.4 - https:\/\/yoast.com\/wordpress\/plugins\/seo\/ -->\n<title>Ibira\u00e7u - Portal do Imigrante<\/title>\n<meta name=\"robots\" content=\"index, follow, max-snippet:-1, max-image-preview:large, max-video-preview:-1\" \/>\n<link rel=\"canonical\" href=\"https:\/\/portaldoimigrante.resultate.site\/en\/ibiracu\/\" \/>\n<meta property=\"og:locale\" content=\"en_US\" \/>\n<meta property=\"og:type\" content=\"article\" \/>\n<meta property=\"og:title\" content=\"Ibira\u00e7u - Portal do Imigrante\" \/>\n<meta property=\"og:description\" content=\"Nossa Hist\u00f3ria Atrativos Tur\u00edsticos Eventos Experi\u00eancias Contatos Bem-vindo a Voltar para o Mapa\" \/>\n<meta property=\"og:url\" content=\"https:\/\/portaldoimigrante.resultate.site\/en\/ibiracu\/\" \/>\n<meta property=\"og:site_name\" content=\"Portal do Imigrante\" \/>\n<meta property=\"article:modified_time\" content=\"2026-02-13T14:27:09+00:00\" \/>\n<meta property=\"og:image\" content=\"https:\/\/portaldoimigrante.resultate.site\/wp-content\/uploads\/2025\/06\/step-3-1024x576.png\" \/>\n\t<meta property=\"og:image:width\" content=\"1024\" \/>\n\t<meta property=\"og:image:height\" content=\"576\" \/>\n\t<meta property=\"og:image:type\" content=\"image\/png\" \/>\n<meta name=\"twitter:card\" content=\"summary_large_image\" \/>\n<meta name=\"twitter:label1\" content=\"Est. reading time\" \/>\n\t<meta name=\"twitter:data1\" content=\"1 minute\" \/>\n<script type=\"application\/ld+json\" class=\"yoast-schema-graph\">{\"@context\":\"https:\/\/schema.org\",\"@graph\":[{\"@type\":\"WebPage\",\"@id\":\"https:\/\/portaldoimigrante.resultate.site\/ibiracu\/\",\"url\":\"https:\/\/portaldoimigrante.resultate.site\/ibiracu\/\",\"name\":\"Ibira\u00e7u - Portal do Imigrante\",\"isPartOf\":{\"@id\":\"https:\/\/portaldoimigrante.resultate.site\/#website\"},\"primaryImageOfPage\":{\"@id\":\"https:\/\/portaldoimigrante.resultate.site\/ibiracu\/#primaryimage\"},\"image\":{\"@id\":\"https:\/\/portaldoimigrante.resultate.site\/ibiracu\/#primaryimage\"},\"thumbnailUrl\":\"https:\/\/portaldoimigrante.resultate.site\/wp-content\/uploads\/2025\/06\/step-3.png\",\"datePublished\":\"2025-06-30T17:44:57+00:00\",\"dateModified\":\"2026-02-13T14:27:09+00:00\",\"breadcrumb\":{\"@id\":\"https:\/\/portaldoimigrante.resultate.site\/ibiracu\/#breadcrumb\"},\"inLanguage\":\"en-US\",\"potentialAction\":[{\"@type\":\"ReadAction\",\"target\":[\"https:\/\/portaldoimigrante.resultate.site\/ibiracu\/\"]}]},{\"@type\":\"ImageObject\",\"inLanguage\":\"en-US\",\"@id\":\"https:\/\/portaldoimigrante.resultate.site\/ibiracu\/#primaryimage\",\"url\":\"https:\/\/portaldoimigrante.resultate.site\/wp-content\/uploads\/2025\/06\/step-3.png\",\"contentUrl\":\"https:\/\/portaldoimigrante.resultate.site\/wp-content\/uploads\/2025\/06\/step-3.png\",\"width\":1920,\"height\":1080},{\"@type\":\"BreadcrumbList\",\"@id\":\"https:\/\/portaldoimigrante.resultate.site\/ibiracu\/#breadcrumb\",\"itemListElement\":[{\"@type\":\"ListItem\",\"position\":1,\"name\":\"Home\",\"item\":\"https:\/\/portaldoimigrante.resultate.site\/\"},{\"@type\":\"ListItem\",\"position\":2,\"name\":\"Ibira\u00e7u\"}]},{\"@type\":\"WebSite\",\"@id\":\"https:\/\/portaldoimigrante.resultate.site\/#website\",\"url\":\"https:\/\/portaldoimigrante.resultate.site\/\",\"name\":\"Portal do Imigrante\",\"description\":\"\",\"potentialAction\":[{\"@type\":\"SearchAction\",\"target\":{\"@type\":\"EntryPoint\",\"urlTemplate\":\"https:\/\/portaldoimigrante.resultate.site\/?s={search_term_string}\"},\"query-input\":{\"@type\":\"PropertyValueSpecification\",\"valueRequired\":true,\"valueName\":\"search_term_string\"}}],\"inLanguage\":\"en-US\"}]}<\/script>\n<!-- \/ Yoast SEO plugin. -->","yoast_head_json":{"title":"Ibira\u00e7u - Portal do Imigrante","robots":{"index":"index","follow":"follow","max-snippet":"max-snippet:-1","max-image-preview":"max-image-preview:large","max-video-preview":"max-video-preview:-1"},"canonical":"https:\/\/portaldoimigrante.resultate.site\/en\/ibiracu\/","og_locale":"en_US","og_type":"article","og_title":"Ibira\u00e7u - Portal do Imigrante","og_description":"Nossa Hist\u00f3ria Atrativos Tur\u00edsticos Eventos Experi\u00eancias Contatos Bem-vindo a Voltar para o Mapa","og_url":"https:\/\/portaldoimigrante.resultate.site\/en\/ibiracu\/","og_site_name":"Portal do Imigrante","article_modified_time":"2026-02-13T14:27:09+00:00","og_image":[{"width":1024,"height":576,"url":"https:\/\/portaldoimigrante.resultate.site\/wp-content\/uploads\/2025\/06\/step-3-1024x576.png","type":"image\/png"}],"twitter_card":"summary_large_image","twitter_misc":{"Est. reading time":"1 minute"},"schema":{"@context":"https:\/\/schema.org","@graph":[{"@type":"WebPage","@id":"https:\/\/portaldoimigrante.resultate.site\/ibiracu\/","url":"https:\/\/portaldoimigrante.resultate.site\/ibiracu\/","name":"Ibira\u00e7u - Portal do Imigrante","isPartOf":{"@id":"https:\/\/portaldoimigrante.resultate.site\/#website"},"primaryImageOfPage":{"@id":"https:\/\/portaldoimigrante.resultate.site\/ibiracu\/#primaryimage"},"image":{"@id":"https:\/\/portaldoimigrante.resultate.site\/ibiracu\/#primaryimage"},"thumbnailUrl":"https:\/\/portaldoimigrante.resultate.site\/wp-content\/uploads\/2025\/06\/step-3.png","datePublished":"2025-06-30T17:44:57+00:00","dateModified":"2026-02-13T14:27:09+00:00","breadcrumb":{"@id":"https:\/\/portaldoimigrante.resultate.site\/ibiracu\/#breadcrumb"},"inLanguage":"en-US","potentialAction":[{"@type":"ReadAction","target":["https:\/\/portaldoimigrante.resultate.site\/ibiracu\/"]}]},{"@type":"ImageObject","inLanguage":"en-US","@id":"https:\/\/portaldoimigrante.resultate.site\/ibiracu\/#primaryimage","url":"https:\/\/portaldoimigrante.resultate.site\/wp-content\/uploads\/2025\/06\/step-3.png","contentUrl":"https:\/\/portaldoimigrante.resultate.site\/wp-content\/uploads\/2025\/06\/step-3.png","width":1920,"height":1080},{"@type":"BreadcrumbList","@id":"https:\/\/portaldoimigrante.resultate.site\/ibiracu\/#breadcrumb","itemListElement":[{"@type":"ListItem","position":1,"name":"Home","item":"https:\/\/portaldoimigrante.resultate.site\/"},{"@type":"ListItem","position":2,"name":"Ibira\u00e7u"}]},{"@type":"WebSite","@id":"https:\/\/portaldoimigrante.resultate.site\/#website","url":"https:\/\/portaldoimigrante.resultate.site\/","name":"Portal do Imigrante","description":"","potentialAction":[{"@type":"SearchAction","target":{"@type":"EntryPoint","urlTemplate":"https:\/\/portaldoimigrante.resultate.site\/?s={search_term_string}"},"query-input":{"@type":"PropertyValueSpecification","valueRequired":true,"valueName":"search_term_string"}}],"inLanguage":"en-US"}]}},"_links":{"self":[{"href":"https:\/\/portaldoimigrante.resultate.site\/en\/wp-json\/wp\/v2\/pages\/102","targetHints":{"allow":["GET"]}}],"collection":[{"href":"https:\/\/portaldoimigrante.resultate.site\/en\/wp-json\/wp\/v2\/pages"}],"about":[{"href":"https:\/\/portaldoimigrante.resultate.site\/en\/wp-json\/wp\/v2\/types\/page"}],"author":[{"embeddable":true,"href":"https:\/\/portaldoimigrante.resultate.site\/en\/wp-json\/wp\/v2\/users\/1"}],"replies":[{"embeddable":true,"href":"https:\/\/portaldoimigrante.resultate.site\/en\/wp-json\/wp\/v2\/comments?post=102"}],"version-history":[{"count":6,"href":"https:\/\/portaldoimigrante.resultate.site\/en\/wp-json\/wp\/v2\/pages\/102\/revisions"}],"predecessor-version":[{"id":3258,"href":"https:\/\/portaldoimigrante.resultate.site\/en\/wp-json\/wp\/v2\/pages\/102\/revisions\/3258"}],"wp:featuredmedia":[{"embeddable":true,"href":"https:\/\/portaldoimigrante.resultate.site\/en\/wp-json\/wp\/v2\/media\/152"}],"wp:attachment":[{"href":"https:\/\/portaldoimigrante.resultate.site\/en\/wp-json\/wp\/v2\/media?parent=102"}],"curies":[{"name":"wp","href":"https:\/\/api.w.org\/{rel}","templated":true}]}}