{"id":1206,"date":"2025-07-02T18:02:00","date_gmt":"2025-07-02T18:02:00","guid":{"rendered":"https:\/\/portaldoimigrante.resultate.site\/?page_id=1206"},"modified":"2025-07-03T17:49:17","modified_gmt":"2025-07-03T17:49:17","slug":"tourist-attractions","status":"publish","type":"page","link":"https:\/\/portaldoimigrante.resultate.site\/en\/santa-leopoldina\/tourist-attractions\/","title":{"rendered":"Tourist Attractions"},"content":{"rendered":"<div data-elementor-type=\"wp-page\" data-elementor-id=\"1206\" class=\"elementor elementor-1206\" data-elementor-post-type=\"page\">\n\t\t\t\t<div class=\"elementor-element elementor-element-18a2675 e-flex e-con-boxed e-con e-parent\" data-id=\"18a2675\" data-element_type=\"container\" data-settings=\"{&quot;background_background&quot;:&quot;classic&quot;}\">\n\t\t\t\t\t<div class=\"e-con-inner\">\n\t\t<div class=\"elementor-element elementor-element-9a42dc9 e-con-full e-flex e-con e-child\" data-id=\"9a42dc9\" data-element_type=\"container\">\n\t\t<div class=\"elementor-element elementor-element-096d351 e-con-full e-flex e-con e-child\" data-id=\"096d351\" data-element_type=\"container\">\n\t\t\t\t<div class=\"elementor-element elementor-element-2846a17 elementor-align-justify elementor-widget__width-inherit menu-nossahistoria elementor-widget elementor-widget-button\" data-id=\"2846a17\" data-element_type=\"widget\" data-widget_type=\"button.default\">\n\t\t\t\t\t\t\t\t\t\t<a class=\"elementor-button elementor-button-link elementor-size-sm\" href=\"\/en\/santa-leopoldina\/our-history\/\">\n\t\t\t\t\t\t<span class=\"elementor-button-content-wrapper\">\n\t\t\t\t\t\t\t\t\t<span class=\"elementor-button-text\">Our Story<\/span>\n\t\t\t\t\t<\/span>\n\t\t\t\t\t<\/a>\n\t\t\t\t\t\t\t\t<\/div>\n\t\t\t\t<div class=\"elementor-element elementor-element-ff3da1b elementor-align-justify elementor-widget__width-inherit menu-atrativosturisticos elementor-widget elementor-widget-button\" data-id=\"ff3da1b\" data-element_type=\"widget\" data-widget_type=\"button.default\">\n\t\t\t\t\t\t\t\t\t\t<a class=\"elementor-button elementor-button-link elementor-size-sm\" href=\"\/en\/santa-leopoldina\/tourist-attractions\/\">\n\t\t\t\t\t\t<span class=\"elementor-button-content-wrapper\">\n\t\t\t\t\t\t\t\t\t<span class=\"elementor-button-text\">Tourist Attractions<\/span>\n\t\t\t\t\t<\/span>\n\t\t\t\t\t<\/a>\n\t\t\t\t\t\t\t\t<\/div>\n\t\t\t\t<div class=\"elementor-element elementor-element-68b2e97 elementor-align-justify elementor-widget__width-inherit menu-eventos elementor-widget elementor-widget-button\" data-id=\"68b2e97\" data-element_type=\"widget\" data-widget_type=\"button.default\">\n\t\t\t\t\t\t\t\t\t\t<a class=\"elementor-button elementor-button-link elementor-size-sm\" href=\"\/en\/santa-leopoldina\/events\/\">\n\t\t\t\t\t\t<span class=\"elementor-button-content-wrapper\">\n\t\t\t\t\t\t\t\t\t<span class=\"elementor-button-text\">Events<\/span>\n\t\t\t\t\t<\/span>\n\t\t\t\t\t<\/a>\n\t\t\t\t\t\t\t\t<\/div>\n\t\t\t\t<div class=\"elementor-element elementor-element-f7a0bec elementor-align-justify elementor-widget__width-inherit menu-experiencias elementor-widget elementor-widget-button\" data-id=\"f7a0bec\" data-element_type=\"widget\" data-widget_type=\"button.default\">\n\t\t\t\t\t\t\t\t\t\t<a class=\"elementor-button elementor-button-link elementor-size-sm\" href=\"\/en\/santa-leopoldina\/experiencias\/\">\n\t\t\t\t\t\t<span class=\"elementor-button-content-wrapper\">\n\t\t\t\t\t\t\t\t\t<span class=\"elementor-button-text\">Experience<\/span>\n\t\t\t\t\t<\/span>\n\t\t\t\t\t<\/a>\n\t\t\t\t\t\t\t\t<\/div>\n\t\t\t\t<div class=\"elementor-element elementor-element-e72432f elementor-align-justify elementor-widget__width-inherit menu-contatos elementor-widget elementor-widget-button\" data-id=\"e72432f\" data-element_type=\"widget\" data-widget_type=\"button.default\">\n\t\t\t\t\t\t\t\t\t\t<a class=\"elementor-button elementor-button-link elementor-size-sm\" href=\"\/en\/santa-leopoldina\/contacts\/\">\n\t\t\t\t\t\t<span class=\"elementor-button-content-wrapper\">\n\t\t\t\t\t\t\t\t\t<span class=\"elementor-button-text\">Contact<\/span>\n\t\t\t\t\t<\/span>\n\t\t\t\t\t<\/a>\n\t\t\t\t\t\t\t\t<\/div>\n\t\t\t\t<\/div>\n\t\t<div class=\"elementor-element elementor-element-ffda07d e-con-full e-flex e-con e-child\" data-id=\"ffda07d\" data-element_type=\"container\">\n\t\t\t\t<div class=\"elementor-element elementor-element-a2444b7 elementor-icon-list--layout-inline elementor-align-left elementor-list-item-link-full_width elementor-widget elementor-widget-icon-list\" data-id=\"a2444b7\" data-element_type=\"widget\" data-widget_type=\"icon-list.default\">\n\t\t\t\t\t\t\t<ul class=\"elementor-icon-list-items elementor-inline-items\">\n\t\t\t\t\t\t\t<li class=\"elementor-icon-list-item elementor-inline-item\">\n\t\t\t\t\t\t\t\t\t\t<span class=\"elementor-icon-list-text\"><span style=\"color: white;\">Santa Leopoldina<\/span><\/span>\n\t\t\t\t\t\t\t\t\t<\/li>\n\t\t\t\t\t\t\t\t<li class=\"elementor-icon-list-item elementor-inline-item\">\n\t\t\t\t\t\t\t\t\t\t\t<span class=\"elementor-icon-list-icon\">\n\t\t\t\t\t\t\t<svg aria-hidden=\"true\" class=\"e-font-icon-svg e-fas-chevron-right\" viewbox=\"0 0 320 512\" xmlns=\"http:\/\/www.w3.org\/2000\/svg\"><path d=\"M285.476 272.971L91.132 467.314c-9.373 9.373-24.569 9.373-33.941 0l-22.667-22.667c-9.357-9.357-9.375-24.522-.04-33.901L188.505 256 34.484 101.255c-9.335-9.379-9.317-24.544.04-33.901l22.667-22.667c9.373-9.373 24.569-9.373 33.941 0L285.475 239.03c9.373 9.372 9.373 24.568.001 33.941z\"><\/path><\/svg>\t\t\t\t\t\t<\/span>\n\t\t\t\t\t\t\t\t\t\t<span class=\"elementor-icon-list-text\"><\/span>\n\t\t\t\t\t\t\t\t\t<\/li>\n\t\t\t\t\t\t\t\t<li class=\"elementor-icon-list-item elementor-inline-item\">\n\t\t\t\t\t\t\t\t\t\t<span class=\"elementor-icon-list-text\">Tourist Attractions<\/span>\n\t\t\t\t\t\t\t\t\t<\/li>\n\t\t\t\t\t\t<\/ul>\n\t\t\t\t\t\t<\/div>\n\t\t\t\t<\/div>\n\t\t\t\t<\/div>\n\t\t<div class=\"elementor-element elementor-element-ae821a0 e-con-full e-flex e-con e-child\" data-id=\"ae821a0\" data-element_type=\"container\">\n\t\t<div class=\"elementor-element elementor-element-3037ac2 e-con-full e-flex e-con e-child\" data-id=\"3037ac2\" data-element_type=\"container\">\n\t\t<a class=\"elementor-element elementor-element-89a628b e-con-full e-flex e-con e-child\" data-id=\"89a628b\" data-element_type=\"container\" data-settings=\"{&quot;background_background&quot;:&quot;classic&quot;}\" href=\"\/en\/santa-leopoldina\/tourist-attractions\/all\/\">\n\t\t\t\t<div class=\"elementor-element elementor-element-187dac4 elementor-widget elementor-widget-image\" data-id=\"187dac4\" data-element_type=\"widget\" data-widget_type=\"image.default\">\n\t\t\t\t\t\t\t\t\t\t\t\t\t\t\t<img decoding=\"async\" width=\"91\" height=\"42\" src=\"https:\/\/portaldoimigrante.resultate.site\/wp-content\/uploads\/2025\/06\/Group-1.svg\" class=\"attachment-large size-large wp-image-278\" alt=\"\" \/>\t\t\t\t\t\t\t\t\t\t\t\t\t\t\t<\/div>\n\t\t\t\t<div class=\"elementor-element elementor-element-ccfdfae elementor-widget elementor-widget-heading\" data-id=\"ccfdfae\" data-element_type=\"widget\" data-widget_type=\"heading.default\">\n\t\t\t\t\t<h2 class=\"elementor-heading-title elementor-size-default\">All<\/h2>\t\t\t\t<\/div>\n\t\t\t\t<\/a>\n\t\t<a class=\"elementor-element elementor-element-c2329f1 e-con-full e-flex e-con e-child\" data-id=\"c2329f1\" data-element_type=\"container\" data-settings=\"{&quot;background_background&quot;:&quot;classic&quot;}\" href=\"\/en\/santa-leopoldina\/tourist-attractions\/historico\/\">\n\t\t\t\t<div class=\"elementor-element elementor-element-3b2168d elementor-widget elementor-widget-image\" data-id=\"3b2168d\" data-element_type=\"widget\" data-widget_type=\"image.default\">\n\t\t\t\t\t\t\t\t\t\t\t\t\t\t\t<img decoding=\"async\" width=\"48\" height=\"48\" src=\"https:\/\/portaldoimigrante.resultate.site\/wp-content\/uploads\/2025\/06\/brandenburg-gate.svg\" class=\"attachment-large size-large wp-image-286\" alt=\"\" \/>\t\t\t\t\t\t\t\t\t\t\t\t\t\t\t<\/div>\n\t\t\t\t<div class=\"elementor-element elementor-element-e458943 elementor-widget elementor-widget-heading\" data-id=\"e458943\" data-element_type=\"widget\" data-widget_type=\"heading.default\">\n\t\t\t\t\t<h2 class=\"elementor-heading-title elementor-size-default\">History<\/h2>\t\t\t\t<\/div>\n\t\t\t\t<\/a>\n\t\t<a class=\"elementor-element elementor-element-e408989 e-con-full e-flex e-con e-child\" data-id=\"e408989\" data-element_type=\"container\" data-settings=\"{&quot;background_background&quot;:&quot;classic&quot;}\" href=\"\/en\/santa-leopoldina\/tourist-attractions\/natureza\/\">\n\t\t\t\t<div class=\"elementor-element elementor-element-ca77baa elementor-widget elementor-widget-image\" data-id=\"ca77baa\" data-element_type=\"widget\" data-widget_type=\"image.default\">\n\t\t\t\t\t\t\t\t\t\t\t\t\t\t\t<img decoding=\"async\" width=\"48\" height=\"48\" src=\"https:\/\/portaldoimigrante.resultate.site\/wp-content\/uploads\/2025\/06\/tree-river-mountains.svg\" class=\"attachment-large size-large wp-image-287\" alt=\"\" \/>\t\t\t\t\t\t\t\t\t\t\t\t\t\t\t<\/div>\n\t\t\t\t<div class=\"elementor-element elementor-element-def347e elementor-widget elementor-widget-heading\" data-id=\"def347e\" data-element_type=\"widget\" data-widget_type=\"heading.default\">\n\t\t\t\t\t<h2 class=\"elementor-heading-title elementor-size-default\">Nature<\/h2>\t\t\t\t<\/div>\n\t\t\t\t<\/a>\n\t\t<a class=\"elementor-element elementor-element-b0ad176 e-con-full e-flex e-con e-child\" data-id=\"b0ad176\" data-element_type=\"container\" data-settings=\"{&quot;background_background&quot;:&quot;classic&quot;}\" href=\"\/en\/santa-leopoldina\/tourist-attractions\/adventure\/\">\n\t\t\t\t<div class=\"elementor-element elementor-element-e16f0fb elementor-widget elementor-widget-image\" data-id=\"e16f0fb\" data-element_type=\"widget\" data-widget_type=\"image.default\">\n\t\t\t\t\t\t\t\t\t\t\t\t\t\t\t<img loading=\"lazy\" decoding=\"async\" width=\"48\" height=\"48\" src=\"https:\/\/portaldoimigrante.resultate.site\/wp-content\/uploads\/2025\/06\/sneakers.svg\" class=\"attachment-large size-large wp-image-288\" alt=\"\" \/>\t\t\t\t\t\t\t\t\t\t\t\t\t\t\t<\/div>\n\t\t\t\t<div class=\"elementor-element elementor-element-0b7134b elementor-widget elementor-widget-heading\" data-id=\"0b7134b\" data-element_type=\"widget\" data-widget_type=\"heading.default\">\n\t\t\t\t\t<h2 class=\"elementor-heading-title elementor-size-default\">Adventure<\/h2>\t\t\t\t<\/div>\n\t\t\t\t<\/a>\n\t\t<a class=\"elementor-element elementor-element-d5deb17 e-con-full e-flex e-con e-child\" data-id=\"d5deb17\" data-element_type=\"container\" data-settings=\"{&quot;background_background&quot;:&quot;classic&quot;}\" href=\"\/en\/santa-leopoldina\/tourist-attractions\/religioso\/\">\n\t\t\t\t<div class=\"elementor-element elementor-element-322c870 elementor-widget elementor-widget-image\" data-id=\"322c870\" data-element_type=\"widget\" data-widget_type=\"image.default\">\n\t\t\t\t\t\t\t\t\t\t\t\t\t\t\t<img loading=\"lazy\" decoding=\"async\" width=\"48\" height=\"48\" src=\"https:\/\/portaldoimigrante.resultate.site\/wp-content\/uploads\/2025\/06\/church.svg\" class=\"attachment-large size-large wp-image-289\" alt=\"\" \/>\t\t\t\t\t\t\t\t\t\t\t\t\t\t\t<\/div>\n\t\t\t\t<div class=\"elementor-element elementor-element-d467286 elementor-widget elementor-widget-heading\" data-id=\"d467286\" data-element_type=\"widget\" data-widget_type=\"heading.default\">\n\t\t\t\t\t<h2 class=\"elementor-heading-title elementor-size-default\">Religious<\/h2>\t\t\t\t<\/div>\n\t\t\t\t<\/a>\n\t\t\t\t<\/div>\n\t\t<div class=\"elementor-element elementor-element-050ba46 e-con-full e-flex e-con e-child\" data-id=\"050ba46\" data-element_type=\"container\">\n\t\t\t\t<div class=\"elementor-element elementor-element-4fec33c espaco-patrocinador elementor-widget elementor-widget-image\" data-id=\"4fec33c\" data-element_type=\"widget\" data-widget_type=\"image.default\">\n\t\t\t\t\t\t\t\t\t\t\t\t\t\t\t<img loading=\"lazy\" decoding=\"async\" width=\"1520\" height=\"136\" src=\"https:\/\/portaldoimigrante.resultate.site\/wp-content\/uploads\/2025\/06\/Frame-70.svg\" class=\"attachment-full size-full wp-image-72\" alt=\"\" \/>\t\t\t\t\t\t\t\t\t\t\t\t\t\t\t<\/div>\n\t\t\t\t<\/div>\n\t\t<div class=\"elementor-element elementor-element-73ff987 e-con-full e-flex e-con e-child\" data-id=\"73ff987\" data-element_type=\"container\">\n\t\t\t\t<div class=\"elementor-element elementor-element-fad11f8 elementor-align-justify elementor-widget__width-initial elementor-widget elementor-widget-button\" data-id=\"fad11f8\" data-element_type=\"widget\" data-widget_type=\"button.default\">\n\t\t\t\t\t\t\t\t\t\t<a class=\"elementor-button elementor-button-link elementor-size-sm\" href=\"\/en\/santa-leopoldina\/\">\n\t\t\t\t\t\t<span class=\"elementor-button-content-wrapper\">\n\t\t\t\t\t\t<span class=\"elementor-button-icon\">\n\t\t\t\t<svg xmlns=\"http:\/\/www.w3.org\/2000\/svg\" width=\"24\" height=\"24\" viewbox=\"0 0 24 24\" fill=\"none\"><path d=\"M5 12H19\" stroke=\"white\" stroke-width=\"1.5\" stroke-linecap=\"round\" stroke-linejoin=\"round\"><\/path><path d=\"M10 7L5 12\" stroke=\"white\" stroke-width=\"1.5\" stroke-linecap=\"round\" stroke-linejoin=\"round\"><\/path><path d=\"M10 17L5 12\" stroke=\"white\" stroke-width=\"1.5\" stroke-linecap=\"round\" stroke-linejoin=\"round\"><\/path><\/svg>\t\t\t<\/span>\n\t\t\t\t\t\t\t\t\t<span class=\"elementor-button-text\">Go back<\/span>\n\t\t\t\t\t<\/span>\n\t\t\t\t\t<\/a>\n\t\t\t\t\t\t\t\t<\/div>\n\t\t\t\t<\/div>\n\t\t\t\t<\/div>\n\t\t\t\t\t<\/div>\n\t\t\t\t<\/div>\n\t\t\t\t<\/div>","protected":false},"excerpt":{"rendered":"<p>Our History Tourist Attractions Events Experiences Contacts Santa Leopoldina Tourist Attractions All Historic Nature Adventure Religious Back<\/p>","protected":false},"author":1,"featured_media":1658,"parent":1199,"menu_order":2,"comment_status":"closed","ping_status":"closed","template":"","meta":{"footnotes":""},"class_list":["post-1206","page","type-page","status-publish","has-post-thumbnail","hentry"],"yoast_head":"<!-- This site is optimized with the Yoast SEO plugin v25.4 - https:\/\/yoast.com\/wordpress\/plugins\/seo\/ -->\n<title>Atrativos Tur\u00edsticos - Portal do Imigrante<\/title>\n<meta name=\"robots\" content=\"index, follow, max-snippet:-1, max-image-preview:large, max-video-preview:-1\" \/>\n<link rel=\"canonical\" href=\"https:\/\/portaldoimigrante.resultate.site\/en\/santa-leopoldina\/tourist-attractions\/\" \/>\n<meta property=\"og:locale\" content=\"en_US\" \/>\n<meta property=\"og:type\" content=\"article\" \/>\n<meta property=\"og:title\" content=\"Atrativos Tur\u00edsticos - Portal do Imigrante\" \/>\n<meta property=\"og:description\" content=\"Nossa Hist\u00f3ria Atrativos Tur\u00edsticos Eventos Experi\u00eancias Contatos Santa Leopoldina Atrativos Tur\u00edsticos Todos Hist\u00f3rico Natureza Aventura Religioso Voltar\" \/>\n<meta property=\"og:url\" content=\"https:\/\/portaldoimigrante.resultate.site\/en\/santa-leopoldina\/tourist-attractions\/\" \/>\n<meta property=\"og:site_name\" content=\"Portal do Imigrante\" \/>\n<meta property=\"article:modified_time\" content=\"2025-07-03T17:49:17+00:00\" \/>\n<meta property=\"og:image\" content=\"https:\/\/portaldoimigrante.resultate.site\/wp-content\/uploads\/2025\/07\/SANTA-LEOPOLDINA-scaled.jpg\" \/>\n\t<meta property=\"og:image:width\" content=\"2560\" \/>\n\t<meta property=\"og:image:height\" content=\"1707\" \/>\n\t<meta property=\"og:image:type\" content=\"image\/jpeg\" \/>\n<meta name=\"twitter:card\" content=\"summary_large_image\" \/>\n<meta name=\"twitter:label1\" content=\"Est. reading time\" \/>\n\t<meta name=\"twitter:data1\" content=\"1 minute\" \/>\n<script type=\"application\/ld+json\" class=\"yoast-schema-graph\">{\"@context\":\"https:\/\/schema.org\",\"@graph\":[{\"@type\":\"WebPage\",\"@id\":\"https:\/\/portaldoimigrante.resultate.site\/santa-leopoldina\/atrativos-turisticos\/\",\"url\":\"https:\/\/portaldoimigrante.resultate.site\/santa-leopoldina\/atrativos-turisticos\/\",\"name\":\"Atrativos Tur\u00edsticos - Portal do Imigrante\",\"isPartOf\":{\"@id\":\"https:\/\/portaldoimigrante.resultate.site\/#website\"},\"primaryImageOfPage\":{\"@id\":\"https:\/\/portaldoimigrante.resultate.site\/santa-leopoldina\/atrativos-turisticos\/#primaryimage\"},\"image\":{\"@id\":\"https:\/\/portaldoimigrante.resultate.site\/santa-leopoldina\/atrativos-turisticos\/#primaryimage\"},\"thumbnailUrl\":\"https:\/\/portaldoimigrante.resultate.site\/wp-content\/uploads\/2025\/07\/SANTA-LEOPOLDINA-scaled.jpg\",\"datePublished\":\"2025-07-02T18:02:00+00:00\",\"dateModified\":\"2025-07-03T17:49:17+00:00\",\"breadcrumb\":{\"@id\":\"https:\/\/portaldoimigrante.resultate.site\/santa-leopoldina\/atrativos-turisticos\/#breadcrumb\"},\"inLanguage\":\"en-US\",\"potentialAction\":[{\"@type\":\"ReadAction\",\"target\":[\"https:\/\/portaldoimigrante.resultate.site\/santa-leopoldina\/atrativos-turisticos\/\"]}]},{\"@type\":\"ImageObject\",\"inLanguage\":\"en-US\",\"@id\":\"https:\/\/portaldoimigrante.resultate.site\/santa-leopoldina\/atrativos-turisticos\/#primaryimage\",\"url\":\"https:\/\/portaldoimigrante.resultate.site\/wp-content\/uploads\/2025\/07\/SANTA-LEOPOLDINA-scaled.jpg\",\"contentUrl\":\"https:\/\/portaldoimigrante.resultate.site\/wp-content\/uploads\/2025\/07\/SANTA-LEOPOLDINA-scaled.jpg\",\"width\":2560,\"height\":1707},{\"@type\":\"BreadcrumbList\",\"@id\":\"https:\/\/portaldoimigrante.resultate.site\/santa-leopoldina\/atrativos-turisticos\/#breadcrumb\",\"itemListElement\":[{\"@type\":\"ListItem\",\"position\":1,\"name\":\"Home\",\"item\":\"https:\/\/portaldoimigrante.resultate.site\/\"},{\"@type\":\"ListItem\",\"position\":2,\"name\":\"Santa Leopoldina\",\"item\":\"https:\/\/portaldoimigrante.resultate.site\/santa-leopoldina\/\"},{\"@type\":\"ListItem\",\"position\":3,\"name\":\"Atrativos Tur\u00edsticos\"}]},{\"@type\":\"WebSite\",\"@id\":\"https:\/\/portaldoimigrante.resultate.site\/#website\",\"url\":\"https:\/\/portaldoimigrante.resultate.site\/\",\"name\":\"Portal do Imigrante\",\"description\":\"\",\"potentialAction\":[{\"@type\":\"SearchAction\",\"target\":{\"@type\":\"EntryPoint\",\"urlTemplate\":\"https:\/\/portaldoimigrante.resultate.site\/?s={search_term_string}\"},\"query-input\":{\"@type\":\"PropertyValueSpecification\",\"valueRequired\":true,\"valueName\":\"search_term_string\"}}],\"inLanguage\":\"en-US\"}]}<\/script>\n<!-- \/ Yoast SEO plugin. -->","yoast_head_json":{"title":"Atrativos Tur\u00edsticos - Portal do Imigrante","robots":{"index":"index","follow":"follow","max-snippet":"max-snippet:-1","max-image-preview":"max-image-preview:large","max-video-preview":"max-video-preview:-1"},"canonical":"https:\/\/portaldoimigrante.resultate.site\/en\/santa-leopoldina\/tourist-attractions\/","og_locale":"en_US","og_type":"article","og_title":"Atrativos Tur\u00edsticos - Portal do Imigrante","og_description":"Nossa Hist\u00f3ria Atrativos Tur\u00edsticos Eventos Experi\u00eancias Contatos Santa Leopoldina Atrativos Tur\u00edsticos Todos Hist\u00f3rico Natureza Aventura Religioso Voltar","og_url":"https:\/\/portaldoimigrante.resultate.site\/en\/santa-leopoldina\/tourist-attractions\/","og_site_name":"Portal do Imigrante","article_modified_time":"2025-07-03T17:49:17+00:00","og_image":[{"width":2560,"height":1707,"url":"https:\/\/portaldoimigrante.resultate.site\/wp-content\/uploads\/2025\/07\/SANTA-LEOPOLDINA-scaled.jpg","type":"image\/jpeg"}],"twitter_card":"summary_large_image","twitter_misc":{"Est. reading time":"1 minute"},"schema":{"@context":"https:\/\/schema.org","@graph":[{"@type":"WebPage","@id":"https:\/\/portaldoimigrante.resultate.site\/santa-leopoldina\/atrativos-turisticos\/","url":"https:\/\/portaldoimigrante.resultate.site\/santa-leopoldina\/atrativos-turisticos\/","name":"Atrativos Tur\u00edsticos - Portal do Imigrante","isPartOf":{"@id":"https:\/\/portaldoimigrante.resultate.site\/#website"},"primaryImageOfPage":{"@id":"https:\/\/portaldoimigrante.resultate.site\/santa-leopoldina\/atrativos-turisticos\/#primaryimage"},"image":{"@id":"https:\/\/portaldoimigrante.resultate.site\/santa-leopoldina\/atrativos-turisticos\/#primaryimage"},"thumbnailUrl":"https:\/\/portaldoimigrante.resultate.site\/wp-content\/uploads\/2025\/07\/SANTA-LEOPOLDINA-scaled.jpg","datePublished":"2025-07-02T18:02:00+00:00","dateModified":"2025-07-03T17:49:17+00:00","breadcrumb":{"@id":"https:\/\/portaldoimigrante.resultate.site\/santa-leopoldina\/atrativos-turisticos\/#breadcrumb"},"inLanguage":"en-US","potentialAction":[{"@type":"ReadAction","target":["https:\/\/portaldoimigrante.resultate.site\/santa-leopoldina\/atrativos-turisticos\/"]}]},{"@type":"ImageObject","inLanguage":"en-US","@id":"https:\/\/portaldoimigrante.resultate.site\/santa-leopoldina\/atrativos-turisticos\/#primaryimage","url":"https:\/\/portaldoimigrante.resultate.site\/wp-content\/uploads\/2025\/07\/SANTA-LEOPOLDINA-scaled.jpg","contentUrl":"https:\/\/portaldoimigrante.resultate.site\/wp-content\/uploads\/2025\/07\/SANTA-LEOPOLDINA-scaled.jpg","width":2560,"height":1707},{"@type":"BreadcrumbList","@id":"https:\/\/portaldoimigrante.resultate.site\/santa-leopoldina\/atrativos-turisticos\/#breadcrumb","itemListElement":[{"@type":"ListItem","position":1,"name":"Home","item":"https:\/\/portaldoimigrante.resultate.site\/"},{"@type":"ListItem","position":2,"name":"Santa Leopoldina","item":"https:\/\/portaldoimigrante.resultate.site\/santa-leopoldina\/"},{"@type":"ListItem","position":3,"name":"Atrativos Tur\u00edsticos"}]},{"@type":"WebSite","@id":"https:\/\/portaldoimigrante.resultate.site\/#website","url":"https:\/\/portaldoimigrante.resultate.site\/","name":"Portal do Imigrante","description":"","potentialAction":[{"@type":"SearchAction","target":{"@type":"EntryPoint","urlTemplate":"https:\/\/portaldoimigrante.resultate.site\/?s={search_term_string}"},"query-input":{"@type":"PropertyValueSpecification","valueRequired":true,"valueName":"search_term_string"}}],"inLanguage":"en-US"}]}},"_links":{"self":[{"href":"https:\/\/portaldoimigrante.resultate.site\/en\/wp-json\/wp\/v2\/pages\/1206","targetHints":{"allow":["GET"]}}],"collection":[{"href":"https:\/\/portaldoimigrante.resultate.site\/en\/wp-json\/wp\/v2\/pages"}],"about":[{"href":"https:\/\/portaldoimigrante.resultate.site\/en\/wp-json\/wp\/v2\/types\/page"}],"author":[{"embeddable":true,"href":"https:\/\/portaldoimigrante.resultate.site\/en\/wp-json\/wp\/v2\/users\/1"}],"replies":[{"embeddable":true,"href":"https:\/\/portaldoimigrante.resultate.site\/en\/wp-json\/wp\/v2\/comments?post=1206"}],"version-history":[{"count":3,"href":"https:\/\/portaldoimigrante.resultate.site\/en\/wp-json\/wp\/v2\/pages\/1206\/revisions"}],"predecessor-version":[{"id":2050,"href":"https:\/\/portaldoimigrante.resultate.site\/en\/wp-json\/wp\/v2\/pages\/1206\/revisions\/2050"}],"up":[{"embeddable":true,"href":"https:\/\/portaldoimigrante.resultate.site\/en\/wp-json\/wp\/v2\/pages\/1199"}],"wp:featuredmedia":[{"embeddable":true,"href":"https:\/\/portaldoimigrante.resultate.site\/en\/wp-json\/wp\/v2\/media\/1658"}],"wp:attachment":[{"href":"https:\/\/portaldoimigrante.resultate.site\/en\/wp-json\/wp\/v2\/media?parent=1206"}],"curies":[{"name":"wp","href":"https:\/\/api.w.org\/{rel}","templated":true}]}}