{"id":938,"date":"2025-07-02T15:01:22","date_gmt":"2025-07-02T15:01:22","guid":{"rendered":"https:\/\/portaldoimigrante.resultate.site\/?page_id=938"},"modified":"2026-04-08T12:31:18","modified_gmt":"2026-04-08T12:31:18","slug":"contacts","status":"publish","type":"page","link":"https:\/\/portaldoimigrante.resultate.site\/en\/itaguacu\/contacts\/","title":{"rendered":"Contact"},"content":{"rendered":"<div data-elementor-type=\"wp-page\" data-elementor-id=\"938\" class=\"elementor elementor-938\" data-elementor-post-type=\"page\">\n\t\t\t\t<div class=\"elementor-element elementor-element-cba6d1e e-flex e-con-boxed e-con e-parent\" data-id=\"cba6d1e\" data-element_type=\"container\" data-settings=\"{&quot;background_background&quot;:&quot;classic&quot;}\">\n\t\t\t\t\t<div class=\"e-con-inner\">\n\t\t<div class=\"elementor-element elementor-element-6ba675a e-con-full e-flex e-con e-child\" data-id=\"6ba675a\" data-element_type=\"container\">\n\t\t<div class=\"elementor-element elementor-element-6658338 e-con-full e-flex e-con e-child\" data-id=\"6658338\" data-element_type=\"container\">\n\t\t\t\t<div class=\"elementor-element elementor-element-168e8a3 elementor-align-justify elementor-widget__width-inherit menu-nossahistoria elementor-widget elementor-widget-button\" data-id=\"168e8a3\" data-element_type=\"widget\" data-widget_type=\"button.default\">\n\t\t\t\t\t\t\t\t\t\t<a class=\"elementor-button elementor-button-link elementor-size-sm\" href=\"\/en\/itaguacu\/our-history\/\">\n\t\t\t\t\t\t<span class=\"elementor-button-content-wrapper\">\n\t\t\t\t\t\t\t\t\t<span class=\"elementor-button-text\">Our Story<\/span>\n\t\t\t\t\t<\/span>\n\t\t\t\t\t<\/a>\n\t\t\t\t\t\t\t\t<\/div>\n\t\t\t\t<div class=\"elementor-element elementor-element-3ecca89 elementor-align-justify elementor-widget__width-inherit menu-atrativosturisticos elementor-widget elementor-widget-button\" data-id=\"3ecca89\" data-element_type=\"widget\" data-widget_type=\"button.default\">\n\t\t\t\t\t\t\t\t\t\t<a class=\"elementor-button elementor-button-link elementor-size-sm\" href=\"\/en\/itaguacu\/tourist-attractions\/\">\n\t\t\t\t\t\t<span class=\"elementor-button-content-wrapper\">\n\t\t\t\t\t\t\t\t\t<span class=\"elementor-button-text\">Tourist Attractions<\/span>\n\t\t\t\t\t<\/span>\n\t\t\t\t\t<\/a>\n\t\t\t\t\t\t\t\t<\/div>\n\t\t\t\t<div class=\"elementor-element elementor-element-b6ac213 elementor-align-justify elementor-widget__width-inherit menu-eventos elementor-widget elementor-widget-button\" data-id=\"b6ac213\" data-element_type=\"widget\" data-widget_type=\"button.default\">\n\t\t\t\t\t\t\t\t\t\t<a class=\"elementor-button elementor-button-link elementor-size-sm\" href=\"\/en\/itaguacu\/events\/\">\n\t\t\t\t\t\t<span class=\"elementor-button-content-wrapper\">\n\t\t\t\t\t\t\t\t\t<span class=\"elementor-button-text\">Events<\/span>\n\t\t\t\t\t<\/span>\n\t\t\t\t\t<\/a>\n\t\t\t\t\t\t\t\t<\/div>\n\t\t\t\t<div class=\"elementor-element elementor-element-b989d86 elementor-align-justify elementor-widget__width-inherit menu-experiencias elementor-widget elementor-widget-button\" data-id=\"b989d86\" data-element_type=\"widget\" data-widget_type=\"button.default\">\n\t\t\t\t\t\t\t\t\t\t<a class=\"elementor-button elementor-button-link elementor-size-sm\" href=\"\/en\/itaguacu\/experiencias\/\">\n\t\t\t\t\t\t<span class=\"elementor-button-content-wrapper\">\n\t\t\t\t\t\t\t\t\t<span class=\"elementor-button-text\">Experience<\/span>\n\t\t\t\t\t<\/span>\n\t\t\t\t\t<\/a>\n\t\t\t\t\t\t\t\t<\/div>\n\t\t\t\t<div class=\"elementor-element elementor-element-3ca093d elementor-align-justify elementor-widget__width-inherit menu-servicos elementor-widget elementor-widget-button\" data-id=\"3ca093d\" data-element_type=\"widget\" data-widget_type=\"button.default\">\n\t\t\t\t\t\t\t\t\t\t<a class=\"elementor-button elementor-button-link elementor-size-sm\" href=\"\/en\/itaguacu\/servicos\/\">\n\t\t\t\t\t\t<span class=\"elementor-button-content-wrapper\">\n\t\t\t\t\t\t\t\t\t<span class=\"elementor-button-text\">Services<\/span>\n\t\t\t\t\t<\/span>\n\t\t\t\t\t<\/a>\n\t\t\t\t\t\t\t\t<\/div>\n\t\t\t\t<div class=\"elementor-element elementor-element-991a3f2 elementor-align-justify elementor-widget__width-inherit menu-contatos elementor-widget elementor-widget-button\" data-id=\"991a3f2\" data-element_type=\"widget\" data-widget_type=\"button.default\">\n\t\t\t\t\t\t\t\t\t\t<a class=\"elementor-button elementor-button-link elementor-size-sm\" href=\"\/en\/itaguacu\/contacts\/\">\n\t\t\t\t\t\t<span class=\"elementor-button-content-wrapper\">\n\t\t\t\t\t\t\t\t\t<span class=\"elementor-button-text\">Contact<\/span>\n\t\t\t\t\t<\/span>\n\t\t\t\t\t<\/a>\n\t\t\t\t\t\t\t\t<\/div>\n\t\t\t\t<\/div>\n\t\t<div class=\"elementor-element elementor-element-48c72cd e-con-full e-flex e-con e-child\" data-id=\"48c72cd\" data-element_type=\"container\">\n\t\t\t\t<div class=\"elementor-element elementor-element-889fc4b elementor-icon-list--layout-inline elementor-align-left elementor-list-item-link-full_width elementor-widget elementor-widget-icon-list\" data-id=\"889fc4b\" data-element_type=\"widget\" data-widget_type=\"icon-list.default\">\n\t\t\t\t\t\t\t<ul class=\"elementor-icon-list-items elementor-inline-items\">\n\t\t\t\t\t\t\t<li class=\"elementor-icon-list-item elementor-inline-item\">\n\t\t\t\t\t\t\t\t\t\t<span class=\"elementor-icon-list-text\"><span style=\"color: white;\">Itagua\u00e7u<\/span><\/span>\n\t\t\t\t\t\t\t\t\t<\/li>\n\t\t\t\t\t\t\t\t<li class=\"elementor-icon-list-item elementor-inline-item\">\n\t\t\t\t\t\t\t\t\t\t\t<span class=\"elementor-icon-list-icon\">\n\t\t\t\t\t\t\t<svg aria-hidden=\"true\" class=\"e-font-icon-svg e-fas-chevron-right\" viewbox=\"0 0 320 512\" xmlns=\"http:\/\/www.w3.org\/2000\/svg\"><path d=\"M285.476 272.971L91.132 467.314c-9.373 9.373-24.569 9.373-33.941 0l-22.667-22.667c-9.357-9.357-9.375-24.522-.04-33.901L188.505 256 34.484 101.255c-9.335-9.379-9.317-24.544.04-33.901l22.667-22.667c9.373-9.373 24.569-9.373 33.941 0L285.475 239.03c9.373 9.372 9.373 24.568.001 33.941z\"><\/path><\/svg>\t\t\t\t\t\t<\/span>\n\t\t\t\t\t\t\t\t\t\t<span class=\"elementor-icon-list-text\"><\/span>\n\t\t\t\t\t\t\t\t\t<\/li>\n\t\t\t\t\t\t\t\t<li class=\"elementor-icon-list-item elementor-inline-item\">\n\t\t\t\t\t\t\t\t\t\t<span class=\"elementor-icon-list-text\">Contact<\/span>\n\t\t\t\t\t\t\t\t\t<\/li>\n\t\t\t\t\t\t<\/ul>\n\t\t\t\t\t\t<\/div>\n\t\t\t\t<div class=\"elementor-element elementor-element-15858fa conteudo elementor-widget elementor-widget-text-editor\" data-id=\"15858fa\" data-element_type=\"widget\" data-widget_type=\"text-editor.default\">\n\t\t\t\t\t\t\t\t\t<p><b>City<\/b><\/p>\n<p><span style=\"font-weight: 400\">Phone: (27) 3191-0222 \u2013 Extension: 3036<\/span><\/p>\n<p><b>Tourist Information:<\/b><\/p>\n<p><b>Secretaria Municipal de Sport, Tourism, Recreation<\/b><\/p>\n<p><span style=\"font-weight: 400\">Phone: (27) 3191-1022 \u2013 Extension: 3009\/3038<\/span><\/p>\n<p><b>Social Networks:<\/b><\/p>\n<p><span style=\"font-weight: 400\">Instagram Municipality: @on.itaguacu<\/span><\/p>\n<p><span style=\"font-weight: 400\">Instagram Private @semuetl<\/span><\/p>\n<p><b>Web Site:<\/b><\/p>\n<p><b>www.itaguacu.es.gov.br\/principal<\/b><b>\u00a0<\/b><\/p>\n<p><b>Hospitals:<\/b><\/p>\n<p><span style=\"font-weight: 400\">Drive to the Emergency, and the Emergency<\/span><\/p>\n<p><span style=\"font-weight: 400\">Phone: (27) 3191-1021 \u2013 Phone Ext: 3062<\/span><\/p>\n<p><b>Pharmacy:<\/b><\/p>\n<ul>\n<li style=\"font-weight: 400\"><span style=\"font-weight: 400\">The Pharmacy Price, Cheap: (27) 3725-0428<\/span><span style=\"font-weight: 400\">\n<p><\/span><\/li>\n<li style=\"font-weight: 400\"><span style=\"font-weight: 400\">Pharmacy Goese Array: (27) 99861-1328<\/span><span style=\"font-weight: 400\">\n<p><\/span><\/li>\n<li style=\"font-weight: 400\"><span style=\"font-weight: 400\">Pharmacy Goese Central Time (27) 99696-1577<\/span><span style=\"font-weight: 400\">\n<p><\/span><\/li>\n<li style=\"font-weight: 400\"><span style=\"font-weight: 400\">Pharmacy Corteletti: (27) 99720-0639<\/span><span style=\"font-weight: 400\">\n<p><\/span><\/li>\n<li style=\"font-weight: 400\"><span style=\"font-weight: 400\">Pharmacy Sarnaglia: (27) 3725-1181<\/span><span style=\"font-weight: 400\">\n<p><\/span><\/li>\n<li style=\"font-weight: 400\"><span style=\"font-weight: 400\">Drugstore Parent: (27) 99943-4564<\/span><span style=\"font-weight: 400\">\n<p><\/span><\/li>\n<li style=\"font-weight: 400\"><span style=\"font-weight: 400\">Farma-Life: (27) 99769-2958<\/span><span style=\"font-weight: 400\">\n<p><\/span><\/li>\n<li style=\"font-weight: 400\"><span style=\"font-weight: 400\">People&#039;s Pharmacy: (27) 99989-1502<\/span><span style=\"font-weight: 400\">\n<p><\/span><\/li>\n<li style=\"font-weight: 400\"><span style=\"font-weight: 400\">The Pharmacy At Santa Clara: (27) 99986-4804<\/span><span style=\"font-weight: 400\">\n<p><\/span><\/li>\n<li style=\"font-weight: 400\"><span style=\"font-weight: 400\">Pharmacy In Well-Being: (27) 99722-2394<\/span><span style=\"font-weight: 400\">\n<p><\/span><\/li>\n<\/ul>\n<p><b>Operation, and the Duty of the Pharmacy:<\/b><b><br \/>\n<\/b><span style=\"font-weight: 400\"> Monday-Friday: 07 to 18 hours (after all, only a pharmacy on duty until 22h)<\/span><span style=\"font-weight: 400\"><br \/>\n<\/span><span style=\"font-weight: 400\"> On Saturday: 07 to 12<\/span><span style=\"font-weight: 400\"><br \/>\n<\/span><span style=\"font-weight: 400\">Shifts in the round-robin in 8 days. After 22h, browse to the Drive and Urgency in an Emergency.<\/span><\/p>\n\t\t\t\t\t\t\t\t<\/div>\n\t\t\t\t<\/div>\n\t\t\t\t<\/div>\n\t\t<div class=\"elementor-element elementor-element-687ffde e-con-full e-flex e-con e-child\" data-id=\"687ffde\" data-element_type=\"container\">\n\t\t<div class=\"elementor-element elementor-element-329432f e-con-full e-flex e-con e-child\" data-id=\"329432f\" data-element_type=\"container\">\n\t\t\t\t<div class=\"elementor-element elementor-element-84370db espaco-patrocinador elementor-widget elementor-widget-image\" data-id=\"84370db\" data-element_type=\"widget\" data-widget_type=\"image.default\">\n\t\t\t\t\t\t\t\t\t\t\t\t\t\t\t<img fetchpriority=\"high\" decoding=\"async\" width=\"1520\" height=\"136\" src=\"https:\/\/portaldoimigrante.resultate.site\/wp-content\/uploads\/2025\/06\/Frame-70.svg\" class=\"attachment-full size-full wp-image-72\" alt=\"\" \/>\t\t\t\t\t\t\t\t\t\t\t\t\t\t\t<\/div>\n\t\t\t\t<\/div>\n\t\t<div class=\"elementor-element elementor-element-9021e24 e-con-full e-flex e-con e-child\" data-id=\"9021e24\" data-element_type=\"container\">\n\t\t\t\t<div class=\"elementor-element elementor-element-f2d1c7c elementor-align-justify elementor-widget__width-initial elementor-widget elementor-widget-button\" data-id=\"f2d1c7c\" data-element_type=\"widget\" data-widget_type=\"button.default\">\n\t\t\t\t\t\t\t\t\t\t<a class=\"elementor-button elementor-button-link elementor-size-sm\" href=\"\/en\/itaguacu\/\">\n\t\t\t\t\t\t<span class=\"elementor-button-content-wrapper\">\n\t\t\t\t\t\t<span class=\"elementor-button-icon\">\n\t\t\t\t<svg xmlns=\"http:\/\/www.w3.org\/2000\/svg\" width=\"24\" height=\"24\" viewbox=\"0 0 24 24\" fill=\"none\"><path d=\"M5 12H19\" stroke=\"white\" stroke-width=\"1.5\" stroke-linecap=\"round\" stroke-linejoin=\"round\"><\/path><path d=\"M10 7L5 12\" stroke=\"white\" stroke-width=\"1.5\" stroke-linecap=\"round\" stroke-linejoin=\"round\"><\/path><path d=\"M10 17L5 12\" stroke=\"white\" stroke-width=\"1.5\" stroke-linecap=\"round\" stroke-linejoin=\"round\"><\/path><\/svg>\t\t\t<\/span>\n\t\t\t\t\t\t\t\t\t<span class=\"elementor-button-text\">Go back<\/span>\n\t\t\t\t\t<\/span>\n\t\t\t\t\t<\/a>\n\t\t\t\t\t\t\t\t<\/div>\n\t\t\t\t<\/div>\n\t\t\t\t<\/div>\n\t\t\t\t\t<\/div>\n\t\t\t\t<\/div>\n\t\t\t\t<\/div>","protected":false},"excerpt":{"rendered":"<p>Nossa Hist\u00f3ria Atrativos Tur\u00edsticos Eventos Experi\u00eancias Servi\u00e7os Contatos Itagua\u00e7u Contatos Voltar<\/p>","protected":false},"author":1,"featured_media":1661,"parent":932,"menu_order":2,"comment_status":"closed","ping_status":"closed","template":"","meta":{"footnotes":""},"class_list":["post-938","page","type-page","status-publish","has-post-thumbnail","hentry"],"yoast_head":"<!-- This site is optimized with the Yoast SEO plugin v25.4 - https:\/\/yoast.com\/wordpress\/plugins\/seo\/ -->\n<title>Contatos - Portal do Imigrante<\/title>\n<meta name=\"robots\" content=\"index, follow, max-snippet:-1, max-image-preview:large, max-video-preview:-1\" \/>\n<link rel=\"canonical\" href=\"https:\/\/portaldoimigrante.resultate.site\/en\/itaguacu\/contacts\/\" \/>\n<meta property=\"og:locale\" content=\"en_US\" \/>\n<meta property=\"og:type\" content=\"article\" \/>\n<meta property=\"og:title\" content=\"Contatos - Portal do Imigrante\" \/>\n<meta property=\"og:description\" content=\"Nossa Hist\u00f3ria Atrativos Tur\u00edsticos Eventos Experi\u00eancias Servi\u00e7os Contatos Itagua\u00e7u Contatos Voltar\" \/>\n<meta property=\"og:url\" content=\"https:\/\/portaldoimigrante.resultate.site\/en\/itaguacu\/contacts\/\" \/>\n<meta property=\"og:site_name\" content=\"Portal do Imigrante\" \/>\n<meta property=\"article:modified_time\" content=\"2026-04-08T12:31:18+00:00\" \/>\n<meta property=\"og:image\" content=\"https:\/\/portaldoimigrante.resultate.site\/wp-content\/uploads\/2025\/07\/ITAGUACU-scaled.jpg\" \/>\n\t<meta property=\"og:image:width\" content=\"2048\" \/>\n\t<meta property=\"og:image:height\" content=\"1374\" \/>\n\t<meta property=\"og:image:type\" content=\"image\/jpeg\" \/>\n<meta name=\"twitter:card\" content=\"summary_large_image\" \/>\n<meta name=\"twitter:label1\" content=\"Est. reading time\" \/>\n\t<meta name=\"twitter:data1\" content=\"1 minute\" \/>\n<script type=\"application\/ld+json\" class=\"yoast-schema-graph\">{\"@context\":\"https:\/\/schema.org\",\"@graph\":[{\"@type\":\"WebPage\",\"@id\":\"https:\/\/portaldoimigrante.resultate.site\/itaguacu\/contatos\/\",\"url\":\"https:\/\/portaldoimigrante.resultate.site\/itaguacu\/contatos\/\",\"name\":\"Contatos - Portal do Imigrante\",\"isPartOf\":{\"@id\":\"https:\/\/portaldoimigrante.resultate.site\/#website\"},\"primaryImageOfPage\":{\"@id\":\"https:\/\/portaldoimigrante.resultate.site\/itaguacu\/contatos\/#primaryimage\"},\"image\":{\"@id\":\"https:\/\/portaldoimigrante.resultate.site\/itaguacu\/contatos\/#primaryimage\"},\"thumbnailUrl\":\"https:\/\/portaldoimigrante.resultate.site\/wp-content\/uploads\/2025\/07\/ITAGUACU-scaled.jpg\",\"datePublished\":\"2025-07-02T15:01:22+00:00\",\"dateModified\":\"2026-04-08T12:31:18+00:00\",\"breadcrumb\":{\"@id\":\"https:\/\/portaldoimigrante.resultate.site\/itaguacu\/contatos\/#breadcrumb\"},\"inLanguage\":\"en-US\",\"potentialAction\":[{\"@type\":\"ReadAction\",\"target\":[\"https:\/\/portaldoimigrante.resultate.site\/itaguacu\/contatos\/\"]}]},{\"@type\":\"ImageObject\",\"inLanguage\":\"en-US\",\"@id\":\"https:\/\/portaldoimigrante.resultate.site\/itaguacu\/contatos\/#primaryimage\",\"url\":\"https:\/\/portaldoimigrante.resultate.site\/wp-content\/uploads\/2025\/07\/ITAGUACU-scaled.jpg\",\"contentUrl\":\"https:\/\/portaldoimigrante.resultate.site\/wp-content\/uploads\/2025\/07\/ITAGUACU-scaled.jpg\",\"width\":2048,\"height\":1374,\"caption\":\"DCIM100MEDIADJI_0179.JPG\"},{\"@type\":\"BreadcrumbList\",\"@id\":\"https:\/\/portaldoimigrante.resultate.site\/itaguacu\/contatos\/#breadcrumb\",\"itemListElement\":[{\"@type\":\"ListItem\",\"position\":1,\"name\":\"Home\",\"item\":\"https:\/\/portaldoimigrante.resultate.site\/\"},{\"@type\":\"ListItem\",\"position\":2,\"name\":\"Itagua\u00e7u\",\"item\":\"https:\/\/portaldoimigrante.resultate.site\/itaguacu\/\"},{\"@type\":\"ListItem\",\"position\":3,\"name\":\"Contatos\"}]},{\"@type\":\"WebSite\",\"@id\":\"https:\/\/portaldoimigrante.resultate.site\/#website\",\"url\":\"https:\/\/portaldoimigrante.resultate.site\/\",\"name\":\"Portal do Imigrante\",\"description\":\"\",\"potentialAction\":[{\"@type\":\"SearchAction\",\"target\":{\"@type\":\"EntryPoint\",\"urlTemplate\":\"https:\/\/portaldoimigrante.resultate.site\/?s={search_term_string}\"},\"query-input\":{\"@type\":\"PropertyValueSpecification\",\"valueRequired\":true,\"valueName\":\"search_term_string\"}}],\"inLanguage\":\"en-US\"}]}<\/script>\n<!-- \/ Yoast SEO plugin. -->","yoast_head_json":{"title":"Contatos - Portal do Imigrante","robots":{"index":"index","follow":"follow","max-snippet":"max-snippet:-1","max-image-preview":"max-image-preview:large","max-video-preview":"max-video-preview:-1"},"canonical":"https:\/\/portaldoimigrante.resultate.site\/en\/itaguacu\/contacts\/","og_locale":"en_US","og_type":"article","og_title":"Contatos - Portal do Imigrante","og_description":"Nossa Hist\u00f3ria Atrativos Tur\u00edsticos Eventos Experi\u00eancias Servi\u00e7os Contatos Itagua\u00e7u Contatos Voltar","og_url":"https:\/\/portaldoimigrante.resultate.site\/en\/itaguacu\/contacts\/","og_site_name":"Portal do Imigrante","article_modified_time":"2026-04-08T12:31:18+00:00","og_image":[{"width":2048,"height":1374,"url":"https:\/\/portaldoimigrante.resultate.site\/wp-content\/uploads\/2025\/07\/ITAGUACU-scaled.jpg","type":"image\/jpeg"}],"twitter_card":"summary_large_image","twitter_misc":{"Est. reading time":"1 minute"},"schema":{"@context":"https:\/\/schema.org","@graph":[{"@type":"WebPage","@id":"https:\/\/portaldoimigrante.resultate.site\/itaguacu\/contatos\/","url":"https:\/\/portaldoimigrante.resultate.site\/itaguacu\/contatos\/","name":"Contatos - Portal do Imigrante","isPartOf":{"@id":"https:\/\/portaldoimigrante.resultate.site\/#website"},"primaryImageOfPage":{"@id":"https:\/\/portaldoimigrante.resultate.site\/itaguacu\/contatos\/#primaryimage"},"image":{"@id":"https:\/\/portaldoimigrante.resultate.site\/itaguacu\/contatos\/#primaryimage"},"thumbnailUrl":"https:\/\/portaldoimigrante.resultate.site\/wp-content\/uploads\/2025\/07\/ITAGUACU-scaled.jpg","datePublished":"2025-07-02T15:01:22+00:00","dateModified":"2026-04-08T12:31:18+00:00","breadcrumb":{"@id":"https:\/\/portaldoimigrante.resultate.site\/itaguacu\/contatos\/#breadcrumb"},"inLanguage":"en-US","potentialAction":[{"@type":"ReadAction","target":["https:\/\/portaldoimigrante.resultate.site\/itaguacu\/contatos\/"]}]},{"@type":"ImageObject","inLanguage":"en-US","@id":"https:\/\/portaldoimigrante.resultate.site\/itaguacu\/contatos\/#primaryimage","url":"https:\/\/portaldoimigrante.resultate.site\/wp-content\/uploads\/2025\/07\/ITAGUACU-scaled.jpg","contentUrl":"https:\/\/portaldoimigrante.resultate.site\/wp-content\/uploads\/2025\/07\/ITAGUACU-scaled.jpg","width":2048,"height":1374,"caption":"DCIM100MEDIADJI_0179.JPG"},{"@type":"BreadcrumbList","@id":"https:\/\/portaldoimigrante.resultate.site\/itaguacu\/contatos\/#breadcrumb","itemListElement":[{"@type":"ListItem","position":1,"name":"Home","item":"https:\/\/portaldoimigrante.resultate.site\/"},{"@type":"ListItem","position":2,"name":"Itagua\u00e7u","item":"https:\/\/portaldoimigrante.resultate.site\/itaguacu\/"},{"@type":"ListItem","position":3,"name":"Contatos"}]},{"@type":"WebSite","@id":"https:\/\/portaldoimigrante.resultate.site\/#website","url":"https:\/\/portaldoimigrante.resultate.site\/","name":"Portal do Imigrante","description":"","potentialAction":[{"@type":"SearchAction","target":{"@type":"EntryPoint","urlTemplate":"https:\/\/portaldoimigrante.resultate.site\/?s={search_term_string}"},"query-input":{"@type":"PropertyValueSpecification","valueRequired":true,"valueName":"search_term_string"}}],"inLanguage":"en-US"}]}},"_links":{"self":[{"href":"https:\/\/portaldoimigrante.resultate.site\/en\/wp-json\/wp\/v2\/pages\/938","targetHints":{"allow":["GET"]}}],"collection":[{"href":"https:\/\/portaldoimigrante.resultate.site\/en\/wp-json\/wp\/v2\/pages"}],"about":[{"href":"https:\/\/portaldoimigrante.resultate.site\/en\/wp-json\/wp\/v2\/types\/page"}],"author":[{"embeddable":true,"href":"https:\/\/portaldoimigrante.resultate.site\/en\/wp-json\/wp\/v2\/users\/1"}],"replies":[{"embeddable":true,"href":"https:\/\/portaldoimigrante.resultate.site\/en\/wp-json\/wp\/v2\/comments?post=938"}],"version-history":[{"count":6,"href":"https:\/\/portaldoimigrante.resultate.site\/en\/wp-json\/wp\/v2\/pages\/938\/revisions"}],"predecessor-version":[{"id":3662,"href":"https:\/\/portaldoimigrante.resultate.site\/en\/wp-json\/wp\/v2\/pages\/938\/revisions\/3662"}],"up":[{"embeddable":true,"href":"https:\/\/portaldoimigrante.resultate.site\/en\/wp-json\/wp\/v2\/pages\/932"}],"wp:featuredmedia":[{"embeddable":true,"href":"https:\/\/portaldoimigrante.resultate.site\/en\/wp-json\/wp\/v2\/media\/1661"}],"wp:attachment":[{"href":"https:\/\/portaldoimigrante.resultate.site\/en\/wp-json\/wp\/v2\/media?parent=938"}],"curies":[{"name":"wp","href":"https:\/\/api.w.org\/{rel}","templated":true}]}}