{"id":1004,"date":"2025-07-02T16:56:41","date_gmt":"2025-07-02T16:56:41","guid":{"rendered":"https:\/\/portaldoimigrante.resultate.site\/?page_id=1004"},"modified":"2025-07-03T17:41:49","modified_gmt":"2025-07-03T17:41:49","slug":"historico","status":"publish","type":"page","link":"https:\/\/portaldoimigrante.resultate.site\/es\/itarana\/atractivos-turisticos\/historico\/","title":{"rendered":"El historial"},"content":{"rendered":"<div data-elementor-type=\"wp-page\" data-elementor-id=\"1004\" class=\"elementor elementor-1004\" data-elementor-post-type=\"page\">\n\t\t\t\t<div class=\"elementor-element elementor-element-a430b3f e-flex e-con-boxed e-con e-parent\" data-id=\"a430b3f\" data-element_type=\"container\" data-settings=\"{&quot;background_background&quot;:&quot;classic&quot;}\">\n\t\t\t\t\t<div class=\"e-con-inner\">\n\t\t<div class=\"elementor-element elementor-element-42a8f0f e-con-full e-flex e-con e-child\" data-id=\"42a8f0f\" data-element_type=\"container\">\n\t\t<div class=\"elementor-element elementor-element-24b59f8 e-con-full e-flex e-con e-child\" data-id=\"24b59f8\" data-element_type=\"container\">\n\t\t\t\t<div class=\"elementor-element elementor-element-79aaf23 elementor-align-justify elementor-widget__width-inherit elementor-widget elementor-widget-button\" data-id=\"79aaf23\" data-element_type=\"widget\" data-widget_type=\"button.default\">\n\t\t\t\t\t\t\t\t\t\t<a class=\"elementor-button elementor-button-link elementor-size-sm\" href=\"\/es\/itarana\/atractivos-turisticos\/todos\/\">\n\t\t\t\t\t\t<span class=\"elementor-button-content-wrapper\">\n\t\t\t\t\t\t\t\t\t<span class=\"elementor-button-text\">Todos<\/span>\n\t\t\t\t\t<\/span>\n\t\t\t\t\t<\/a>\n\t\t\t\t\t\t\t\t<\/div>\n\t\t\t\t<div class=\"elementor-element elementor-element-7ec8564 elementor-align-justify elementor-widget__width-inherit elementor-widget elementor-widget-button\" data-id=\"7ec8564\" data-element_type=\"widget\" data-widget_type=\"button.default\">\n\t\t\t\t\t\t\t\t\t\t<a class=\"elementor-button elementor-button-link elementor-size-sm\" href=\"\/es\/itarana\/atractivos-turisticos\/historico\/\">\n\t\t\t\t\t\t<span class=\"elementor-button-content-wrapper\">\n\t\t\t\t\t\t\t\t\t<span class=\"elementor-button-text\">El historial<\/span>\n\t\t\t\t\t<\/span>\n\t\t\t\t\t<\/a>\n\t\t\t\t\t\t\t\t<\/div>\n\t\t\t\t<div class=\"elementor-element elementor-element-ddea63b elementor-align-justify elementor-widget__width-inherit elementor-widget elementor-widget-button\" data-id=\"ddea63b\" data-element_type=\"widget\" data-widget_type=\"button.default\">\n\t\t\t\t\t\t\t\t\t\t<a class=\"elementor-button elementor-button-link elementor-size-sm\" href=\"\/es\/itarana\/atractivos-turisticos\/natureza\/\">\n\t\t\t\t\t\t<span class=\"elementor-button-content-wrapper\">\n\t\t\t\t\t\t\t\t\t<span class=\"elementor-button-text\">La naturaleza<\/span>\n\t\t\t\t\t<\/span>\n\t\t\t\t\t<\/a>\n\t\t\t\t\t\t\t\t<\/div>\n\t\t\t\t<div class=\"elementor-element elementor-element-abdaec1 elementor-align-justify elementor-widget__width-inherit elementor-widget elementor-widget-button\" data-id=\"abdaec1\" data-element_type=\"widget\" data-widget_type=\"button.default\">\n\t\t\t\t\t\t\t\t\t\t<a class=\"elementor-button elementor-button-link elementor-size-sm\" href=\"\/es\/itarana\/atractivos-turisticos\/aventura\/\">\n\t\t\t\t\t\t<span class=\"elementor-button-content-wrapper\">\n\t\t\t\t\t\t\t\t\t<span class=\"elementor-button-text\">La Aventura<\/span>\n\t\t\t\t\t<\/span>\n\t\t\t\t\t<\/a>\n\t\t\t\t\t\t\t\t<\/div>\n\t\t\t\t<div class=\"elementor-element elementor-element-269f00a elementor-align-justify elementor-widget__width-inherit elementor-widget elementor-widget-button\" data-id=\"269f00a\" data-element_type=\"widget\" data-widget_type=\"button.default\">\n\t\t\t\t\t\t\t\t\t\t<a class=\"elementor-button elementor-button-link elementor-size-sm\" href=\"\/es\/itarana\/atractivos-turisticos\/religioso\/\">\n\t\t\t\t\t\t<span class=\"elementor-button-content-wrapper\">\n\t\t\t\t\t\t\t\t\t<span class=\"elementor-button-text\">El Religioso<\/span>\n\t\t\t\t\t<\/span>\n\t\t\t\t\t<\/a>\n\t\t\t\t\t\t\t\t<\/div>\n\t\t\t\t<\/div>\n\t\t<div class=\"elementor-element elementor-element-c822308 e-con-full e-flex e-con e-child\" data-id=\"c822308\" data-element_type=\"container\">\n\t\t\t\t<div class=\"elementor-element elementor-element-f1e23e3 elementor-icon-list--layout-inline elementor-align-left elementor-list-item-link-full_width elementor-widget elementor-widget-icon-list\" data-id=\"f1e23e3\" data-element_type=\"widget\" data-widget_type=\"icon-list.default\">\n\t\t\t\t\t\t\t<ul class=\"elementor-icon-list-items elementor-inline-items\">\n\t\t\t\t\t\t\t<li class=\"elementor-icon-list-item elementor-inline-item\">\n\t\t\t\t\t\t\t\t\t\t<span class=\"elementor-icon-list-text\">Itarana<\/span>\n\t\t\t\t\t\t\t\t\t<\/li>\n\t\t\t\t\t\t\t\t<li class=\"elementor-icon-list-item elementor-inline-item\">\n\t\t\t\t\t\t\t\t\t\t\t<span class=\"elementor-icon-list-icon\">\n\t\t\t\t\t\t\t<svg aria-hidden=\"true\" class=\"e-font-icon-svg e-fas-chevron-right\" viewbox=\"0 0 320 512\" xmlns=\"http:\/\/www.w3.org\/2000\/svg\"><path d=\"M285.476 272.971L91.132 467.314c-9.373 9.373-24.569 9.373-33.941 0l-22.667-22.667c-9.357-9.357-9.375-24.522-.04-33.901L188.505 256 34.484 101.255c-9.335-9.379-9.317-24.544.04-33.901l22.667-22.667c9.373-9.373 24.569-9.373 33.941 0L285.475 239.03c9.373 9.372 9.373 24.568.001 33.941z\"><\/path><\/svg>\t\t\t\t\t\t<\/span>\n\t\t\t\t\t\t\t\t\t\t<span class=\"elementor-icon-list-text\"><\/span>\n\t\t\t\t\t\t\t\t\t<\/li>\n\t\t\t\t\t\t\t\t<li class=\"elementor-icon-list-item elementor-inline-item\">\n\t\t\t\t\t\t\t\t\t\t<span class=\"elementor-icon-list-text\">Atractivos Tur\u00edsticos<\/span>\n\t\t\t\t\t\t\t\t\t<\/li>\n\t\t\t\t\t\t<\/ul>\n\t\t\t\t\t\t<\/div>\n\t\t\t\t<div class=\"elementor-element elementor-element-1a6f6c4 elementor-icon-list--layout-inline elementor-align-left elementor-list-item-link-full_width elementor-widget elementor-widget-icon-list\" data-id=\"1a6f6c4\" data-element_type=\"widget\" data-widget_type=\"icon-list.default\">\n\t\t\t\t\t\t\t<ul class=\"elementor-icon-list-items elementor-inline-items\">\n\t\t\t\t\t\t\t<li class=\"elementor-icon-list-item elementor-inline-item\">\n\t\t\t\t\t\t\t\t\t\t\t<span class=\"elementor-icon-list-icon\">\n\t\t\t\t\t\t\t<svg aria-hidden=\"true\" class=\"e-font-icon-svg e-fas-chevron-right\" viewbox=\"0 0 320 512\" xmlns=\"http:\/\/www.w3.org\/2000\/svg\"><path d=\"M285.476 272.971L91.132 467.314c-9.373 9.373-24.569 9.373-33.941 0l-22.667-22.667c-9.357-9.357-9.375-24.522-.04-33.901L188.505 256 34.484 101.255c-9.335-9.379-9.317-24.544.04-33.901l22.667-22.667c9.373-9.373 24.569-9.373 33.941 0L285.475 239.03c9.373 9.372 9.373 24.568.001 33.941z\"><\/path><\/svg>\t\t\t\t\t\t<\/span>\n\t\t\t\t\t\t\t\t\t\t<span class=\"elementor-icon-list-text\"><\/span>\n\t\t\t\t\t\t\t\t\t<\/li>\n\t\t\t\t\t\t\t\t<li class=\"elementor-icon-list-item elementor-inline-item\">\n\t\t\t\t\t\t\t\t\t\t<span class=\"elementor-icon-list-text\">El historial<\/span>\n\t\t\t\t\t\t\t\t\t<\/li>\n\t\t\t\t\t\t<\/ul>\n\t\t\t\t\t\t<\/div>\n\t\t\t\t<\/div>\n\t\t<div class=\"elementor-element elementor-element-6560631 e-con-full e-flex e-con e-child\" data-id=\"6560631\" data-element_type=\"container\">\n\t\t\t\t<div class=\"elementor-element elementor-element-e1c7773 slide elementor-widget elementor-widget-jet-listing-grid\" data-id=\"e1c7773\" data-element_type=\"widget\" data-settings=\"{&quot;columns&quot;:&quot;1&quot;}\" data-widget_type=\"jet-listing-grid.default\">\n\t\t\t\t<div class=\"elementor-widget-container\">\n\t\t\t\t\t<div class=\"jet-listing-grid jet-listing\"><div class=\"jet-listing-not-found jet-listing-grid__items\" data-nav=\"{&quot;enabled&quot;:true,&quot;type&quot;:&quot;scroll&quot;,&quot;more_el&quot;:null,&quot;query&quot;:{&quot;post_status&quot;:[&quot;publish&quot;],&quot;post_type&quot;:&quot;atrativos-turisticos&quot;,&quot;posts_per_page&quot;:&quot;3&quot;,&quot;paged&quot;:&quot;1&quot;,&quot;ignore_sticky_posts&quot;:&quot;1&quot;,&quot;tax_query&quot;:{&quot;0&quot;:{&quot;taxonomy&quot;:&quot;cidade&quot;,&quot;field&quot;:&quot;IN&quot;,&quot;terms&quot;:[&quot;26&quot;],&quot;operator&quot;:&quot;IN&quot;},&quot;1&quot;:{&quot;taxonomy&quot;:&quot;tipo-de-atrativo-turistico&quot;,&quot;field&quot;:&quot;IN&quot;,&quot;terms&quot;:[&quot;15&quot;],&quot;operator&quot;:&quot;IN&quot;},&quot;relation&quot;:&quot;AND&quot;}},&quot;widget_settings&quot;:{&quot;lisitng_id&quot;:378,&quot;posts_num&quot;:3,&quot;columns&quot;:1,&quot;columns_tablet&quot;:1,&quot;columns_mobile&quot;:1,&quot;is_archive_template&quot;:&quot;&quot;,&quot;post_status&quot;:[&quot;publish&quot;],&quot;use_random_posts_num&quot;:&quot;&quot;,&quot;max_posts_num&quot;:9,&quot;not_found_message&quot;:&quot;Nada foi encontrado&quot;,&quot;is_masonry&quot;:false,&quot;equal_columns_height&quot;:&quot;&quot;,&quot;use_load_more&quot;:&quot;yes&quot;,&quot;load_more_id&quot;:&quot;&quot;,&quot;load_more_type&quot;:&quot;scroll&quot;,&quot;load_more_offset&quot;:{&quot;unit&quot;:&quot;px&quot;,&quot;size&quot;:0,&quot;sizes&quot;:[]},&quot;use_custom_post_types&quot;:&quot;&quot;,&quot;custom_post_types&quot;:[],&quot;hide_widget_if&quot;:&quot;&quot;,&quot;carousel_enabled&quot;:&quot;yes&quot;,&quot;slides_to_scroll&quot;:&quot;1&quot;,&quot;arrows&quot;:&quot;true&quot;,&quot;arrow_icon&quot;:&quot;fa fa-angle-left&quot;,&quot;dots&quot;:&quot;&quot;,&quot;autoplay&quot;:&quot;true&quot;,&quot;pause_on_hover&quot;:&quot;true&quot;,&quot;autoplay_speed&quot;:5000,&quot;infinite&quot;:&quot;true&quot;,&quot;center_mode&quot;:&quot;&quot;,&quot;effect&quot;:&quot;slide&quot;,&quot;speed&quot;:500,&quot;inject_alternative_items&quot;:&quot;&quot;,&quot;injection_items&quot;:[],&quot;scroll_slider_enabled&quot;:&quot;&quot;,&quot;scroll_slider_on&quot;:[&quot;desktop&quot;,&quot;tablet&quot;,&quot;mobile&quot;],&quot;custom_query&quot;:false,&quot;custom_query_id&quot;:&quot;&quot;,&quot;_element_id&quot;:&quot;&quot;,&quot;collapse_first_last_gap&quot;:false,&quot;list_items_wrapper_tag&quot;:&quot;div&quot;,&quot;list_item_tag&quot;:&quot;div&quot;,&quot;empty_items_wrapper_tag&quot;:&quot;div&quot;}}\" data-queried-id=\"1004|WP_Post\">No se ha encontrado<\/div><\/div>\t\t\t\t<\/div>\n\t\t\t\t<\/div>\n\t\t\t\t<\/div>\n\t\t\t\t<\/div>\n\t\t<div class=\"elementor-element elementor-element-7eae352 e-con-full e-flex e-con e-child\" data-id=\"7eae352\" data-element_type=\"container\">\n\t\t<div class=\"elementor-element elementor-element-8fde95f e-con-full e-flex e-con e-child\" data-id=\"8fde95f\" data-element_type=\"container\">\n\t\t\t\t<div class=\"elementor-element elementor-element-cde5b67 espaco-patrocinador elementor-widget elementor-widget-image\" data-id=\"cde5b67\" data-element_type=\"widget\" data-widget_type=\"image.default\">\n\t\t\t\t\t\t\t\t\t\t\t\t\t\t\t<img fetchpriority=\"high\" decoding=\"async\" width=\"1520\" height=\"136\" src=\"https:\/\/portaldoimigrante.resultate.site\/wp-content\/uploads\/2025\/06\/Frame-70.svg\" class=\"attachment-full size-full wp-image-72\" alt=\"\" \/>\t\t\t\t\t\t\t\t\t\t\t\t\t\t\t<\/div>\n\t\t\t\t<\/div>\n\t\t<div class=\"elementor-element elementor-element-88e3819 e-con-full e-flex e-con e-child\" data-id=\"88e3819\" data-element_type=\"container\">\n\t\t\t\t<div class=\"elementor-element elementor-element-cee0db1 elementor-align-justify elementor-widget__width-initial elementor-widget elementor-widget-button\" data-id=\"cee0db1\" data-element_type=\"widget\" data-widget_type=\"button.default\">\n\t\t\t\t\t\t\t\t\t\t<a class=\"elementor-button elementor-button-link elementor-size-sm\" href=\"\/es\/itarana\/atractivos-turisticos\/\">\n\t\t\t\t\t\t<span class=\"elementor-button-content-wrapper\">\n\t\t\t\t\t\t<span class=\"elementor-button-icon\">\n\t\t\t\t<svg xmlns=\"http:\/\/www.w3.org\/2000\/svg\" width=\"24\" height=\"24\" viewbox=\"0 0 24 24\" fill=\"none\"><path d=\"M5 12H19\" stroke=\"white\" stroke-width=\"1.5\" stroke-linecap=\"round\" stroke-linejoin=\"round\"><\/path><path d=\"M10 7L5 12\" stroke=\"white\" stroke-width=\"1.5\" stroke-linecap=\"round\" stroke-linejoin=\"round\"><\/path><path d=\"M10 17L5 12\" stroke=\"white\" stroke-width=\"1.5\" stroke-linecap=\"round\" stroke-linejoin=\"round\"><\/path><\/svg>\t\t\t<\/span>\n\t\t\t\t\t\t\t\t\t<span class=\"elementor-button-text\">Volver<\/span>\n\t\t\t\t\t<\/span>\n\t\t\t\t\t<\/a>\n\t\t\t\t\t\t\t\t<\/div>\n\t\t\t\t<\/div>\n\t\t\t\t<\/div>\n\t\t\t\t\t<\/div>\n\t\t\t\t<\/div>\n\t\t\t\t<\/div>","protected":false},"excerpt":{"rendered":"<p>Todos Hist\u00f3rico Naturaleza Aventura Religioso Itarana Atractivos Tur\u00edsticos Hist\u00f3rico Nada fue encontrado Volver<\/p>","protected":false},"author":1,"featured_media":1660,"parent":1000,"menu_order":3,"comment_status":"closed","ping_status":"closed","template":"","meta":{"footnotes":""},"class_list":["post-1004","page","type-page","status-publish","has-post-thumbnail","hentry"],"yoast_head":"<!-- This site is optimized with the Yoast SEO plugin v25.4 - https:\/\/yoast.com\/wordpress\/plugins\/seo\/ -->\n<title>Hist\u00f3rico - Portal do Imigrante<\/title>\n<meta name=\"robots\" content=\"index, follow, max-snippet:-1, max-image-preview:large, max-video-preview:-1\" \/>\n<link rel=\"canonical\" href=\"https:\/\/portaldoimigrante.resultate.site\/es\/itarana\/atractivos-turisticos\/historico\/\" \/>\n<meta property=\"og:locale\" content=\"es_ES\" \/>\n<meta property=\"og:type\" content=\"article\" \/>\n<meta property=\"og:title\" content=\"Hist\u00f3rico - Portal do Imigrante\" \/>\n<meta property=\"og:description\" content=\"Todos Hist\u00f3rico Natureza Aventura Religioso Itarana Atrativos Tur\u00edsticos Hist\u00f3rico Nada foi encontrado Voltar\" \/>\n<meta property=\"og:url\" content=\"https:\/\/portaldoimigrante.resultate.site\/es\/itarana\/atractivos-turisticos\/historico\/\" \/>\n<meta property=\"og:site_name\" content=\"Portal do Imigrante\" \/>\n<meta property=\"article:modified_time\" content=\"2025-07-03T17:41:49+00:00\" \/>\n<meta property=\"og:image\" content=\"https:\/\/portaldoimigrante.resultate.site\/wp-content\/uploads\/2025\/07\/ITARANA-scaled.jpg\" \/>\n\t<meta property=\"og:image:width\" content=\"2560\" \/>\n\t<meta property=\"og:image:height\" content=\"1707\" \/>\n\t<meta property=\"og:image:type\" content=\"image\/jpeg\" \/>\n<meta name=\"twitter:card\" content=\"summary_large_image\" \/>\n<script type=\"application\/ld+json\" class=\"yoast-schema-graph\">{\"@context\":\"https:\/\/schema.org\",\"@graph\":[{\"@type\":\"WebPage\",\"@id\":\"https:\/\/portaldoimigrante.resultate.site\/itarana\/atrativos-turisticos\/historico\/\",\"url\":\"https:\/\/portaldoimigrante.resultate.site\/itarana\/atrativos-turisticos\/historico\/\",\"name\":\"Hist\u00f3rico - Portal do Imigrante\",\"isPartOf\":{\"@id\":\"https:\/\/portaldoimigrante.resultate.site\/#website\"},\"primaryImageOfPage\":{\"@id\":\"https:\/\/portaldoimigrante.resultate.site\/itarana\/atrativos-turisticos\/historico\/#primaryimage\"},\"image\":{\"@id\":\"https:\/\/portaldoimigrante.resultate.site\/itarana\/atrativos-turisticos\/historico\/#primaryimage\"},\"thumbnailUrl\":\"https:\/\/portaldoimigrante.resultate.site\/wp-content\/uploads\/2025\/07\/ITARANA-scaled.jpg\",\"datePublished\":\"2025-07-02T16:56:41+00:00\",\"dateModified\":\"2025-07-03T17:41:49+00:00\",\"breadcrumb\":{\"@id\":\"https:\/\/portaldoimigrante.resultate.site\/itarana\/atrativos-turisticos\/historico\/#breadcrumb\"},\"inLanguage\":\"es\",\"potentialAction\":[{\"@type\":\"ReadAction\",\"target\":[\"https:\/\/portaldoimigrante.resultate.site\/itarana\/atrativos-turisticos\/historico\/\"]}]},{\"@type\":\"ImageObject\",\"inLanguage\":\"es\",\"@id\":\"https:\/\/portaldoimigrante.resultate.site\/itarana\/atrativos-turisticos\/historico\/#primaryimage\",\"url\":\"https:\/\/portaldoimigrante.resultate.site\/wp-content\/uploads\/2025\/07\/ITARANA-scaled.jpg\",\"contentUrl\":\"https:\/\/portaldoimigrante.resultate.site\/wp-content\/uploads\/2025\/07\/ITARANA-scaled.jpg\",\"width\":2560,\"height\":1707},{\"@type\":\"BreadcrumbList\",\"@id\":\"https:\/\/portaldoimigrante.resultate.site\/itarana\/atrativos-turisticos\/historico\/#breadcrumb\",\"itemListElement\":[{\"@type\":\"ListItem\",\"position\":1,\"name\":\"Home\",\"item\":\"https:\/\/portaldoimigrante.resultate.site\/\"},{\"@type\":\"ListItem\",\"position\":2,\"name\":\"Itarana\",\"item\":\"https:\/\/portaldoimigrante.resultate.site\/itarana\/\"},{\"@type\":\"ListItem\",\"position\":3,\"name\":\"Atrativos Tur\u00edsticos\",\"item\":\"https:\/\/portaldoimigrante.resultate.site\/itarana\/atrativos-turisticos\/\"},{\"@type\":\"ListItem\",\"position\":4,\"name\":\"Hist\u00f3rico\"}]},{\"@type\":\"WebSite\",\"@id\":\"https:\/\/portaldoimigrante.resultate.site\/#website\",\"url\":\"https:\/\/portaldoimigrante.resultate.site\/\",\"name\":\"Portal do Imigrante\",\"description\":\"\",\"potentialAction\":[{\"@type\":\"SearchAction\",\"target\":{\"@type\":\"EntryPoint\",\"urlTemplate\":\"https:\/\/portaldoimigrante.resultate.site\/?s={search_term_string}\"},\"query-input\":{\"@type\":\"PropertyValueSpecification\",\"valueRequired\":true,\"valueName\":\"search_term_string\"}}],\"inLanguage\":\"es\"}]}<\/script>\n<!-- \/ Yoast SEO plugin. -->","yoast_head_json":{"title":"Hist\u00f3rico - Portal do Imigrante","robots":{"index":"index","follow":"follow","max-snippet":"max-snippet:-1","max-image-preview":"max-image-preview:large","max-video-preview":"max-video-preview:-1"},"canonical":"https:\/\/portaldoimigrante.resultate.site\/es\/itarana\/atractivos-turisticos\/historico\/","og_locale":"es_ES","og_type":"article","og_title":"Hist\u00f3rico - Portal do Imigrante","og_description":"Todos Hist\u00f3rico Natureza Aventura Religioso Itarana Atrativos Tur\u00edsticos Hist\u00f3rico Nada foi encontrado Voltar","og_url":"https:\/\/portaldoimigrante.resultate.site\/es\/itarana\/atractivos-turisticos\/historico\/","og_site_name":"Portal do Imigrante","article_modified_time":"2025-07-03T17:41:49+00:00","og_image":[{"width":2560,"height":1707,"url":"https:\/\/portaldoimigrante.resultate.site\/wp-content\/uploads\/2025\/07\/ITARANA-scaled.jpg","type":"image\/jpeg"}],"twitter_card":"summary_large_image","schema":{"@context":"https:\/\/schema.org","@graph":[{"@type":"WebPage","@id":"https:\/\/portaldoimigrante.resultate.site\/itarana\/atrativos-turisticos\/historico\/","url":"https:\/\/portaldoimigrante.resultate.site\/itarana\/atrativos-turisticos\/historico\/","name":"Hist\u00f3rico - Portal do Imigrante","isPartOf":{"@id":"https:\/\/portaldoimigrante.resultate.site\/#website"},"primaryImageOfPage":{"@id":"https:\/\/portaldoimigrante.resultate.site\/itarana\/atrativos-turisticos\/historico\/#primaryimage"},"image":{"@id":"https:\/\/portaldoimigrante.resultate.site\/itarana\/atrativos-turisticos\/historico\/#primaryimage"},"thumbnailUrl":"https:\/\/portaldoimigrante.resultate.site\/wp-content\/uploads\/2025\/07\/ITARANA-scaled.jpg","datePublished":"2025-07-02T16:56:41+00:00","dateModified":"2025-07-03T17:41:49+00:00","breadcrumb":{"@id":"https:\/\/portaldoimigrante.resultate.site\/itarana\/atrativos-turisticos\/historico\/#breadcrumb"},"inLanguage":"es","potentialAction":[{"@type":"ReadAction","target":["https:\/\/portaldoimigrante.resultate.site\/itarana\/atrativos-turisticos\/historico\/"]}]},{"@type":"ImageObject","inLanguage":"es","@id":"https:\/\/portaldoimigrante.resultate.site\/itarana\/atrativos-turisticos\/historico\/#primaryimage","url":"https:\/\/portaldoimigrante.resultate.site\/wp-content\/uploads\/2025\/07\/ITARANA-scaled.jpg","contentUrl":"https:\/\/portaldoimigrante.resultate.site\/wp-content\/uploads\/2025\/07\/ITARANA-scaled.jpg","width":2560,"height":1707},{"@type":"BreadcrumbList","@id":"https:\/\/portaldoimigrante.resultate.site\/itarana\/atrativos-turisticos\/historico\/#breadcrumb","itemListElement":[{"@type":"ListItem","position":1,"name":"Home","item":"https:\/\/portaldoimigrante.resultate.site\/"},{"@type":"ListItem","position":2,"name":"Itarana","item":"https:\/\/portaldoimigrante.resultate.site\/itarana\/"},{"@type":"ListItem","position":3,"name":"Atrativos Tur\u00edsticos","item":"https:\/\/portaldoimigrante.resultate.site\/itarana\/atrativos-turisticos\/"},{"@type":"ListItem","position":4,"name":"Hist\u00f3rico"}]},{"@type":"WebSite","@id":"https:\/\/portaldoimigrante.resultate.site\/#website","url":"https:\/\/portaldoimigrante.resultate.site\/","name":"Portal do Imigrante","description":"","potentialAction":[{"@type":"SearchAction","target":{"@type":"EntryPoint","urlTemplate":"https:\/\/portaldoimigrante.resultate.site\/?s={search_term_string}"},"query-input":{"@type":"PropertyValueSpecification","valueRequired":true,"valueName":"search_term_string"}}],"inLanguage":"es"}]}},"_links":{"self":[{"href":"https:\/\/portaldoimigrante.resultate.site\/es\/wp-json\/wp\/v2\/pages\/1004","targetHints":{"allow":["GET"]}}],"collection":[{"href":"https:\/\/portaldoimigrante.resultate.site\/es\/wp-json\/wp\/v2\/pages"}],"about":[{"href":"https:\/\/portaldoimigrante.resultate.site\/es\/wp-json\/wp\/v2\/types\/page"}],"author":[{"embeddable":true,"href":"https:\/\/portaldoimigrante.resultate.site\/es\/wp-json\/wp\/v2\/users\/1"}],"replies":[{"embeddable":true,"href":"https:\/\/portaldoimigrante.resultate.site\/es\/wp-json\/wp\/v2\/comments?post=1004"}],"version-history":[{"count":3,"href":"https:\/\/portaldoimigrante.resultate.site\/es\/wp-json\/wp\/v2\/pages\/1004\/revisions"}],"predecessor-version":[{"id":1969,"href":"https:\/\/portaldoimigrante.resultate.site\/es\/wp-json\/wp\/v2\/pages\/1004\/revisions\/1969"}],"up":[{"embeddable":true,"href":"https:\/\/portaldoimigrante.resultate.site\/es\/wp-json\/wp\/v2\/pages\/1000"}],"wp:featuredmedia":[{"embeddable":true,"href":"https:\/\/portaldoimigrante.resultate.site\/es\/wp-json\/wp\/v2\/media\/1660"}],"wp:attachment":[{"href":"https:\/\/portaldoimigrante.resultate.site\/es\/wp-json\/wp\/v2\/media?parent=1004"}],"curies":[{"name":"wp","href":"https:\/\/api.w.org\/{rel}","templated":true}]}}