{"id":173,"date":"2025-06-30T23:34:50","date_gmt":"2025-06-30T23:34:50","guid":{"rendered":"https:\/\/portaldoimigrante.resultate.site\/?page_id=173"},"modified":"2026-02-13T14:29:07","modified_gmt":"2026-02-13T14:29:07","slug":"contactos","status":"publish","type":"page","link":"https:\/\/portaldoimigrante.resultate.site\/es\/ibiracu\/contactos\/","title":{"rendered":"Los contactos"},"content":{"rendered":"<div data-elementor-type=\"wp-page\" data-elementor-id=\"173\" class=\"elementor elementor-173\" data-elementor-post-type=\"page\">\n\t\t\t\t<div class=\"elementor-element elementor-element-cba6d1e e-flex e-con-boxed e-con e-parent\" data-id=\"cba6d1e\" data-element_type=\"container\" data-settings=\"{&quot;background_background&quot;:&quot;classic&quot;}\">\n\t\t\t\t\t<div class=\"e-con-inner\">\n\t\t<div class=\"elementor-element elementor-element-6ba675a e-con-full e-flex e-con e-child\" data-id=\"6ba675a\" data-element_type=\"container\">\n\t\t<div class=\"elementor-element elementor-element-6658338 e-con-full e-flex e-con e-child\" data-id=\"6658338\" data-element_type=\"container\">\n\t\t\t\t<div class=\"elementor-element elementor-element-168e8a3 elementor-align-justify elementor-widget__width-inherit menu-nossahistoria elementor-widget elementor-widget-button\" data-id=\"168e8a3\" data-element_type=\"widget\" data-widget_type=\"button.default\">\n\t\t\t\t\t\t\t\t\t\t<a class=\"elementor-button elementor-button-link elementor-size-sm\" href=\"\/es\/ibiracu\/nuestra-historia\/\">\n\t\t\t\t\t\t<span class=\"elementor-button-content-wrapper\">\n\t\t\t\t\t\t\t\t\t<span class=\"elementor-button-text\">La Historia<\/span>\n\t\t\t\t\t<\/span>\n\t\t\t\t\t<\/a>\n\t\t\t\t\t\t\t\t<\/div>\n\t\t\t\t<div class=\"elementor-element elementor-element-3ecca89 elementor-align-justify elementor-widget__width-inherit menu-atrativosturisticos elementor-widget elementor-widget-button\" data-id=\"3ecca89\" data-element_type=\"widget\" data-widget_type=\"button.default\">\n\t\t\t\t\t\t\t\t\t\t<a class=\"elementor-button elementor-button-link elementor-size-sm\" href=\"\/es\/ibiracu\/atractivos-turisticos\/\">\n\t\t\t\t\t\t<span class=\"elementor-button-content-wrapper\">\n\t\t\t\t\t\t\t\t\t<span class=\"elementor-button-text\">Atractivos Tur\u00edsticos<\/span>\n\t\t\t\t\t<\/span>\n\t\t\t\t\t<\/a>\n\t\t\t\t\t\t\t\t<\/div>\n\t\t\t\t<div class=\"elementor-element elementor-element-b6ac213 elementor-align-justify elementor-widget__width-inherit menu-eventos elementor-widget elementor-widget-button\" data-id=\"b6ac213\" data-element_type=\"widget\" data-widget_type=\"button.default\">\n\t\t\t\t\t\t\t\t\t\t<a class=\"elementor-button elementor-button-link elementor-size-sm\" href=\"\/es\/ibiracu\/eventos\/\">\n\t\t\t\t\t\t<span class=\"elementor-button-content-wrapper\">\n\t\t\t\t\t\t\t\t\t<span class=\"elementor-button-text\">Eventos<\/span>\n\t\t\t\t\t<\/span>\n\t\t\t\t\t<\/a>\n\t\t\t\t\t\t\t\t<\/div>\n\t\t\t\t<div class=\"elementor-element elementor-element-b989d86 elementor-align-justify elementor-widget__width-inherit menu-experiencias elementor-widget elementor-widget-button\" data-id=\"b989d86\" data-element_type=\"widget\" data-widget_type=\"button.default\">\n\t\t\t\t\t\t\t\t\t\t<a class=\"elementor-button elementor-button-link elementor-size-sm\" href=\"\/es\/ibiracu\/experiencias\/\">\n\t\t\t\t\t\t<span class=\"elementor-button-content-wrapper\">\n\t\t\t\t\t\t\t\t\t<span class=\"elementor-button-text\">Experiencia<\/span>\n\t\t\t\t\t<\/span>\n\t\t\t\t\t<\/a>\n\t\t\t\t\t\t\t\t<\/div>\n\t\t\t\t<div class=\"elementor-element elementor-element-991a3f2 elementor-align-justify elementor-widget__width-inherit menu-contatos elementor-widget elementor-widget-button\" data-id=\"991a3f2\" data-element_type=\"widget\" data-widget_type=\"button.default\">\n\t\t\t\t\t\t\t\t\t\t<a class=\"elementor-button elementor-button-link elementor-size-sm\" href=\"\/es\/ibiracu\/contactos\/\">\n\t\t\t\t\t\t<span class=\"elementor-button-content-wrapper\">\n\t\t\t\t\t\t\t\t\t<span class=\"elementor-button-text\">Los contactos<\/span>\n\t\t\t\t\t<\/span>\n\t\t\t\t\t<\/a>\n\t\t\t\t\t\t\t\t<\/div>\n\t\t\t\t<\/div>\n\t\t<div class=\"elementor-element elementor-element-48c72cd e-con-full e-flex e-con e-child\" data-id=\"48c72cd\" data-element_type=\"container\">\n\t\t\t\t<div class=\"elementor-element elementor-element-889fc4b elementor-icon-list--layout-inline elementor-align-left elementor-list-item-link-full_width elementor-widget elementor-widget-icon-list\" data-id=\"889fc4b\" data-element_type=\"widget\" data-widget_type=\"icon-list.default\">\n\t\t\t\t\t\t\t<ul class=\"elementor-icon-list-items elementor-inline-items\">\n\t\t\t\t\t\t\t<li class=\"elementor-icon-list-item elementor-inline-item\">\n\t\t\t\t\t\t\t\t\t\t<span class=\"elementor-icon-list-text\"><span style=\"color: white;\">Ibira\u00e7u<\/span><\/span>\n\t\t\t\t\t\t\t\t\t<\/li>\n\t\t\t\t\t\t\t\t<li class=\"elementor-icon-list-item elementor-inline-item\">\n\t\t\t\t\t\t\t\t\t\t\t<span class=\"elementor-icon-list-icon\">\n\t\t\t\t\t\t\t<svg aria-hidden=\"true\" class=\"e-font-icon-svg e-fas-chevron-right\" viewbox=\"0 0 320 512\" xmlns=\"http:\/\/www.w3.org\/2000\/svg\"><path d=\"M285.476 272.971L91.132 467.314c-9.373 9.373-24.569 9.373-33.941 0l-22.667-22.667c-9.357-9.357-9.375-24.522-.04-33.901L188.505 256 34.484 101.255c-9.335-9.379-9.317-24.544.04-33.901l22.667-22.667c9.373-9.373 24.569-9.373 33.941 0L285.475 239.03c9.373 9.372 9.373 24.568.001 33.941z\"><\/path><\/svg>\t\t\t\t\t\t<\/span>\n\t\t\t\t\t\t\t\t\t\t<span class=\"elementor-icon-list-text\"><\/span>\n\t\t\t\t\t\t\t\t\t<\/li>\n\t\t\t\t\t\t\t\t<li class=\"elementor-icon-list-item elementor-inline-item\">\n\t\t\t\t\t\t\t\t\t\t<span class=\"elementor-icon-list-text\">Los contactos<\/span>\n\t\t\t\t\t\t\t\t\t<\/li>\n\t\t\t\t\t\t<\/ul>\n\t\t\t\t\t\t<\/div>\n\t\t\t\t<div class=\"elementor-element elementor-element-15858fa conteudo elementor-widget elementor-widget-text-editor\" data-id=\"15858fa\" data-element_type=\"widget\" data-widget_type=\"text-editor.default\">\n\t\t\t\t\t\t\t\t\t<p><strong>El ayuntamiento de Ibira\u00e7u:<\/strong><br \/>\n(27) 3257-0501<\/p>\n<p><strong>Informaci\u00f3n Tur\u00edstica \/ oficina de Turismo:<\/strong><br \/>\n(27) 3257-0521<\/p>\n<p><strong>Instagram:<\/strong><br \/>\n@prefeituradeibiracu<\/p>\n<p><strong>P\u00e1gina web:<\/strong><br \/>\nwww.ibiracu.es.gov.br<\/p>\n<p><strong>El Hospital Municipal<\/strong><br \/>\n(27) 99795-4722<\/p>\n<p><strong>Farmacia:<\/strong><br \/>\n(27) 3257-1472<br \/>\n(27) 3257-1701<br \/>\n(27) 3257-2599<br \/>\nConsulte los turnos de guardia de las oficinas de farmacia local.<\/p>\n\t\t\t\t\t\t\t\t<\/div>\n\t\t\t\t<\/div>\n\t\t\t\t<\/div>\n\t\t<div class=\"elementor-element elementor-element-687ffde e-con-full e-flex e-con e-child\" data-id=\"687ffde\" data-element_type=\"container\">\n\t\t<div class=\"elementor-element elementor-element-329432f e-con-full e-flex e-con e-child\" data-id=\"329432f\" data-element_type=\"container\">\n\t\t\t\t<div class=\"elementor-element elementor-element-84370db espaco-patrocinador elementor-widget elementor-widget-image\" data-id=\"84370db\" data-element_type=\"widget\" data-widget_type=\"image.default\">\n\t\t\t\t\t\t\t\t\t\t\t\t\t\t\t<img fetchpriority=\"high\" decoding=\"async\" width=\"1520\" height=\"136\" src=\"https:\/\/portaldoimigrante.resultate.site\/wp-content\/uploads\/2025\/06\/Frame-70.svg\" class=\"attachment-full size-full wp-image-72\" alt=\"\" \/>\t\t\t\t\t\t\t\t\t\t\t\t\t\t\t<\/div>\n\t\t\t\t<div class=\"elementor-element elementor-element-d0a7142 elementor-widget elementor-widget-shortcode\" data-id=\"d0a7142\" data-element_type=\"widget\" data-widget_type=\"shortcode.default\">\n\t\t\t\t\t\t\t<div class=\"elementor-shortcode\">\t\t<div data-elementor-type=\"section\" data-elementor-id=\"3042\" class=\"elementor elementor-3042\" data-elementor-post-type=\"elementor_library\">\n\t\t\t\t\t<\/div>\n\t\t<\/div>\n\t\t\t\t\t\t<\/div>\n\t\t\t\t<\/div>\n\t\t<div class=\"elementor-element elementor-element-9021e24 e-con-full e-flex e-con e-child\" data-id=\"9021e24\" data-element_type=\"container\">\n\t\t\t\t<div class=\"elementor-element elementor-element-f2d1c7c elementor-align-justify elementor-widget__width-initial elementor-widget elementor-widget-button\" data-id=\"f2d1c7c\" data-element_type=\"widget\" data-widget_type=\"button.default\">\n\t\t\t\t\t\t\t\t\t\t<a class=\"elementor-button elementor-button-link elementor-size-sm\" href=\"\/es\/ibiracu\/\">\n\t\t\t\t\t\t<span class=\"elementor-button-content-wrapper\">\n\t\t\t\t\t\t<span class=\"elementor-button-icon\">\n\t\t\t\t<svg xmlns=\"http:\/\/www.w3.org\/2000\/svg\" width=\"24\" height=\"24\" viewbox=\"0 0 24 24\" fill=\"none\"><path d=\"M5 12H19\" stroke=\"white\" stroke-width=\"1.5\" stroke-linecap=\"round\" stroke-linejoin=\"round\"><\/path><path d=\"M10 7L5 12\" stroke=\"white\" stroke-width=\"1.5\" stroke-linecap=\"round\" stroke-linejoin=\"round\"><\/path><path d=\"M10 17L5 12\" stroke=\"white\" stroke-width=\"1.5\" stroke-linecap=\"round\" stroke-linejoin=\"round\"><\/path><\/svg>\t\t\t<\/span>\n\t\t\t\t\t\t\t\t\t<span class=\"elementor-button-text\">Volver<\/span>\n\t\t\t\t\t<\/span>\n\t\t\t\t\t<\/a>\n\t\t\t\t\t\t\t\t<\/div>\n\t\t\t\t<\/div>\n\t\t\t\t<\/div>\n\t\t\t\t\t<\/div>\n\t\t\t\t<\/div>\n\t\t\t\t<\/div>","protected":false},"excerpt":{"rendered":"<p>Nuestra Historia Atractivos Tur\u00edsticos Eventos Experiencias Contactos Ibira\u00e7u Contactos Volver<\/p>","protected":false},"author":1,"featured_media":152,"parent":102,"menu_order":4,"comment_status":"closed","ping_status":"closed","template":"","meta":{"footnotes":""},"class_list":["post-173","page","type-page","status-publish","has-post-thumbnail","hentry"],"yoast_head":"<!-- This site is optimized with the Yoast SEO plugin v25.4 - https:\/\/yoast.com\/wordpress\/plugins\/seo\/ -->\n<title>Contatos - Portal do Imigrante<\/title>\n<meta name=\"robots\" content=\"index, follow, max-snippet:-1, max-image-preview:large, max-video-preview:-1\" \/>\n<link rel=\"canonical\" href=\"https:\/\/portaldoimigrante.resultate.site\/es\/ibiracu\/contactos\/\" \/>\n<meta property=\"og:locale\" content=\"es_ES\" \/>\n<meta property=\"og:type\" content=\"article\" \/>\n<meta property=\"og:title\" content=\"Contatos - Portal do Imigrante\" \/>\n<meta property=\"og:description\" content=\"Nossa Hist\u00f3ria Atrativos Tur\u00edsticos Eventos Experi\u00eancias Contatos Ibira\u00e7u Contatos Voltar\" \/>\n<meta property=\"og:url\" content=\"https:\/\/portaldoimigrante.resultate.site\/es\/ibiracu\/contactos\/\" \/>\n<meta property=\"og:site_name\" content=\"Portal do Imigrante\" \/>\n<meta property=\"article:modified_time\" content=\"2026-02-13T14:29:07+00:00\" \/>\n<meta property=\"og:image\" content=\"https:\/\/portaldoimigrante.resultate.site\/wp-content\/uploads\/2025\/06\/step-3-1024x576.png\" \/>\n\t<meta property=\"og:image:width\" content=\"1024\" \/>\n\t<meta property=\"og:image:height\" content=\"576\" \/>\n\t<meta property=\"og:image:type\" content=\"image\/png\" \/>\n<meta name=\"twitter:card\" content=\"summary_large_image\" \/>\n<script type=\"application\/ld+json\" class=\"yoast-schema-graph\">{\"@context\":\"https:\/\/schema.org\",\"@graph\":[{\"@type\":\"WebPage\",\"@id\":\"https:\/\/portaldoimigrante.resultate.site\/ibiracu\/contatos\/\",\"url\":\"https:\/\/portaldoimigrante.resultate.site\/ibiracu\/contatos\/\",\"name\":\"Contatos - Portal do Imigrante\",\"isPartOf\":{\"@id\":\"https:\/\/portaldoimigrante.resultate.site\/#website\"},\"primaryImageOfPage\":{\"@id\":\"https:\/\/portaldoimigrante.resultate.site\/ibiracu\/contatos\/#primaryimage\"},\"image\":{\"@id\":\"https:\/\/portaldoimigrante.resultate.site\/ibiracu\/contatos\/#primaryimage\"},\"thumbnailUrl\":\"https:\/\/portaldoimigrante.resultate.site\/wp-content\/uploads\/2025\/06\/step-3.png\",\"datePublished\":\"2025-06-30T23:34:50+00:00\",\"dateModified\":\"2026-02-13T14:29:07+00:00\",\"breadcrumb\":{\"@id\":\"https:\/\/portaldoimigrante.resultate.site\/ibiracu\/contatos\/#breadcrumb\"},\"inLanguage\":\"es\",\"potentialAction\":[{\"@type\":\"ReadAction\",\"target\":[\"https:\/\/portaldoimigrante.resultate.site\/ibiracu\/contatos\/\"]}]},{\"@type\":\"ImageObject\",\"inLanguage\":\"es\",\"@id\":\"https:\/\/portaldoimigrante.resultate.site\/ibiracu\/contatos\/#primaryimage\",\"url\":\"https:\/\/portaldoimigrante.resultate.site\/wp-content\/uploads\/2025\/06\/step-3.png\",\"contentUrl\":\"https:\/\/portaldoimigrante.resultate.site\/wp-content\/uploads\/2025\/06\/step-3.png\",\"width\":1920,\"height\":1080},{\"@type\":\"BreadcrumbList\",\"@id\":\"https:\/\/portaldoimigrante.resultate.site\/ibiracu\/contatos\/#breadcrumb\",\"itemListElement\":[{\"@type\":\"ListItem\",\"position\":1,\"name\":\"Home\",\"item\":\"https:\/\/portaldoimigrante.resultate.site\/\"},{\"@type\":\"ListItem\",\"position\":2,\"name\":\"Ibira\u00e7u\",\"item\":\"https:\/\/portaldoimigrante.resultate.site\/ibiracu\/\"},{\"@type\":\"ListItem\",\"position\":3,\"name\":\"Contatos\"}]},{\"@type\":\"WebSite\",\"@id\":\"https:\/\/portaldoimigrante.resultate.site\/#website\",\"url\":\"https:\/\/portaldoimigrante.resultate.site\/\",\"name\":\"Portal do Imigrante\",\"description\":\"\",\"potentialAction\":[{\"@type\":\"SearchAction\",\"target\":{\"@type\":\"EntryPoint\",\"urlTemplate\":\"https:\/\/portaldoimigrante.resultate.site\/?s={search_term_string}\"},\"query-input\":{\"@type\":\"PropertyValueSpecification\",\"valueRequired\":true,\"valueName\":\"search_term_string\"}}],\"inLanguage\":\"es\"}]}<\/script>\n<!-- \/ Yoast SEO plugin. -->","yoast_head_json":{"title":"Contatos - Portal do Imigrante","robots":{"index":"index","follow":"follow","max-snippet":"max-snippet:-1","max-image-preview":"max-image-preview:large","max-video-preview":"max-video-preview:-1"},"canonical":"https:\/\/portaldoimigrante.resultate.site\/es\/ibiracu\/contactos\/","og_locale":"es_ES","og_type":"article","og_title":"Contatos - Portal do Imigrante","og_description":"Nossa Hist\u00f3ria Atrativos Tur\u00edsticos Eventos Experi\u00eancias Contatos Ibira\u00e7u Contatos Voltar","og_url":"https:\/\/portaldoimigrante.resultate.site\/es\/ibiracu\/contactos\/","og_site_name":"Portal do Imigrante","article_modified_time":"2026-02-13T14:29:07+00:00","og_image":[{"width":1024,"height":576,"url":"https:\/\/portaldoimigrante.resultate.site\/wp-content\/uploads\/2025\/06\/step-3-1024x576.png","type":"image\/png"}],"twitter_card":"summary_large_image","schema":{"@context":"https:\/\/schema.org","@graph":[{"@type":"WebPage","@id":"https:\/\/portaldoimigrante.resultate.site\/ibiracu\/contatos\/","url":"https:\/\/portaldoimigrante.resultate.site\/ibiracu\/contatos\/","name":"Contatos - Portal do Imigrante","isPartOf":{"@id":"https:\/\/portaldoimigrante.resultate.site\/#website"},"primaryImageOfPage":{"@id":"https:\/\/portaldoimigrante.resultate.site\/ibiracu\/contatos\/#primaryimage"},"image":{"@id":"https:\/\/portaldoimigrante.resultate.site\/ibiracu\/contatos\/#primaryimage"},"thumbnailUrl":"https:\/\/portaldoimigrante.resultate.site\/wp-content\/uploads\/2025\/06\/step-3.png","datePublished":"2025-06-30T23:34:50+00:00","dateModified":"2026-02-13T14:29:07+00:00","breadcrumb":{"@id":"https:\/\/portaldoimigrante.resultate.site\/ibiracu\/contatos\/#breadcrumb"},"inLanguage":"es","potentialAction":[{"@type":"ReadAction","target":["https:\/\/portaldoimigrante.resultate.site\/ibiracu\/contatos\/"]}]},{"@type":"ImageObject","inLanguage":"es","@id":"https:\/\/portaldoimigrante.resultate.site\/ibiracu\/contatos\/#primaryimage","url":"https:\/\/portaldoimigrante.resultate.site\/wp-content\/uploads\/2025\/06\/step-3.png","contentUrl":"https:\/\/portaldoimigrante.resultate.site\/wp-content\/uploads\/2025\/06\/step-3.png","width":1920,"height":1080},{"@type":"BreadcrumbList","@id":"https:\/\/portaldoimigrante.resultate.site\/ibiracu\/contatos\/#breadcrumb","itemListElement":[{"@type":"ListItem","position":1,"name":"Home","item":"https:\/\/portaldoimigrante.resultate.site\/"},{"@type":"ListItem","position":2,"name":"Ibira\u00e7u","item":"https:\/\/portaldoimigrante.resultate.site\/ibiracu\/"},{"@type":"ListItem","position":3,"name":"Contatos"}]},{"@type":"WebSite","@id":"https:\/\/portaldoimigrante.resultate.site\/#website","url":"https:\/\/portaldoimigrante.resultate.site\/","name":"Portal do Imigrante","description":"","potentialAction":[{"@type":"SearchAction","target":{"@type":"EntryPoint","urlTemplate":"https:\/\/portaldoimigrante.resultate.site\/?s={search_term_string}"},"query-input":{"@type":"PropertyValueSpecification","valueRequired":true,"valueName":"search_term_string"}}],"inLanguage":"es"}]}},"_links":{"self":[{"href":"https:\/\/portaldoimigrante.resultate.site\/es\/wp-json\/wp\/v2\/pages\/173","targetHints":{"allow":["GET"]}}],"collection":[{"href":"https:\/\/portaldoimigrante.resultate.site\/es\/wp-json\/wp\/v2\/pages"}],"about":[{"href":"https:\/\/portaldoimigrante.resultate.site\/es\/wp-json\/wp\/v2\/types\/page"}],"author":[{"embeddable":true,"href":"https:\/\/portaldoimigrante.resultate.site\/es\/wp-json\/wp\/v2\/users\/1"}],"replies":[{"embeddable":true,"href":"https:\/\/portaldoimigrante.resultate.site\/es\/wp-json\/wp\/v2\/comments?post=173"}],"version-history":[{"count":6,"href":"https:\/\/portaldoimigrante.resultate.site\/es\/wp-json\/wp\/v2\/pages\/173\/revisions"}],"predecessor-version":[{"id":3303,"href":"https:\/\/portaldoimigrante.resultate.site\/es\/wp-json\/wp\/v2\/pages\/173\/revisions\/3303"}],"up":[{"embeddable":true,"href":"https:\/\/portaldoimigrante.resultate.site\/es\/wp-json\/wp\/v2\/pages\/102"}],"wp:featuredmedia":[{"embeddable":true,"href":"https:\/\/portaldoimigrante.resultate.site\/es\/wp-json\/wp\/v2\/media\/152"}],"wp:attachment":[{"href":"https:\/\/portaldoimigrante.resultate.site\/es\/wp-json\/wp\/v2\/media?parent=173"}],"curies":[{"name":"wp","href":"https:\/\/api.w.org\/{rel}","templated":true}]}}