{"id":872,"date":"2025-07-02T14:35:28","date_gmt":"2025-07-02T14:35:28","guid":{"rendered":"https:\/\/portaldoimigrante.resultate.site\/?page_id=872"},"modified":"2026-02-13T14:22:07","modified_gmt":"2026-02-13T14:22:07","slug":"nuestra-historia","status":"publish","type":"page","link":"https:\/\/portaldoimigrante.resultate.site\/es\/san-roque-del-canaa\/nuestra-historia\/","title":{"rendered":"La Historia"},"content":{"rendered":"<div data-elementor-type=\"wp-page\" data-elementor-id=\"872\" class=\"elementor elementor-872\" data-elementor-post-type=\"page\">\n\t\t\t\t<div class=\"elementor-element elementor-element-db8d062 e-flex e-con-boxed e-con e-parent\" data-id=\"db8d062\" data-element_type=\"container\" data-settings=\"{&quot;background_background&quot;:&quot;classic&quot;}\">\n\t\t\t\t\t<div class=\"e-con-inner\">\n\t\t<div class=\"elementor-element elementor-element-9e8dba4 e-con-full e-flex e-con e-child\" data-id=\"9e8dba4\" data-element_type=\"container\">\n\t\t<div class=\"elementor-element elementor-element-be8b71f e-con-full e-flex e-con e-child\" data-id=\"be8b71f\" data-element_type=\"container\">\n\t\t\t\t<div class=\"elementor-element elementor-element-5aec623 elementor-align-justify elementor-widget__width-inherit menu-nossahistoria elementor-widget elementor-widget-button\" data-id=\"5aec623\" data-element_type=\"widget\" data-widget_type=\"button.default\">\n\t\t\t\t\t\t\t\t\t\t<a class=\"elementor-button elementor-button-link elementor-size-sm\" href=\"\/es\/san-roque-del-canaa\/nuestra-historia\/\">\n\t\t\t\t\t\t<span class=\"elementor-button-content-wrapper\">\n\t\t\t\t\t\t\t\t\t<span class=\"elementor-button-text\">La Historia<\/span>\n\t\t\t\t\t<\/span>\n\t\t\t\t\t<\/a>\n\t\t\t\t\t\t\t\t<\/div>\n\t\t\t\t<div class=\"elementor-element elementor-element-9fb9f0b elementor-align-justify elementor-widget__width-inherit menu-atrativosturisticos elementor-widget elementor-widget-button\" data-id=\"9fb9f0b\" data-element_type=\"widget\" data-widget_type=\"button.default\">\n\t\t\t\t\t\t\t\t\t\t<a class=\"elementor-button elementor-button-link elementor-size-sm\" href=\"\/es\/san-roque-del-canaa\/atractivos-turisticos\/\">\n\t\t\t\t\t\t<span class=\"elementor-button-content-wrapper\">\n\t\t\t\t\t\t\t\t\t<span class=\"elementor-button-text\">Atractivos Tur\u00edsticos<\/span>\n\t\t\t\t\t<\/span>\n\t\t\t\t\t<\/a>\n\t\t\t\t\t\t\t\t<\/div>\n\t\t\t\t<div class=\"elementor-element elementor-element-69e9b95 elementor-align-justify elementor-widget__width-inherit menu-eventos elementor-widget elementor-widget-button\" data-id=\"69e9b95\" data-element_type=\"widget\" data-widget_type=\"button.default\">\n\t\t\t\t\t\t\t\t\t\t<a class=\"elementor-button elementor-button-link elementor-size-sm\" href=\"\/es\/san-roque-del-canaa\/eventos\/\">\n\t\t\t\t\t\t<span class=\"elementor-button-content-wrapper\">\n\t\t\t\t\t\t\t\t\t<span class=\"elementor-button-text\">Eventos<\/span>\n\t\t\t\t\t<\/span>\n\t\t\t\t\t<\/a>\n\t\t\t\t\t\t\t\t<\/div>\n\t\t\t\t<div class=\"elementor-element elementor-element-43f6b16 elementor-align-justify elementor-widget__width-inherit menu-experiencias elementor-widget elementor-widget-button\" data-id=\"43f6b16\" data-element_type=\"widget\" data-widget_type=\"button.default\">\n\t\t\t\t\t\t\t\t\t\t<a class=\"elementor-button elementor-button-link elementor-size-sm\" href=\"\/es\/san-roque-del-canaa\/experiencias\/\">\n\t\t\t\t\t\t<span class=\"elementor-button-content-wrapper\">\n\t\t\t\t\t\t\t\t\t<span class=\"elementor-button-text\">Experiencia<\/span>\n\t\t\t\t\t<\/span>\n\t\t\t\t\t<\/a>\n\t\t\t\t\t\t\t\t<\/div>\n\t\t\t\t<div class=\"elementor-element elementor-element-772d8ab elementor-align-justify elementor-widget__width-inherit menu-contatos elementor-widget elementor-widget-button\" data-id=\"772d8ab\" data-element_type=\"widget\" data-widget_type=\"button.default\">\n\t\t\t\t\t\t\t\t\t\t<a class=\"elementor-button elementor-button-link elementor-size-sm\" href=\"\/es\/san-roque-del-canaa\/contactos\/\">\n\t\t\t\t\t\t<span class=\"elementor-button-content-wrapper\">\n\t\t\t\t\t\t\t\t\t<span class=\"elementor-button-text\">Los contactos<\/span>\n\t\t\t\t\t<\/span>\n\t\t\t\t\t<\/a>\n\t\t\t\t\t\t\t\t<\/div>\n\t\t\t\t<\/div>\n\t\t<div class=\"elementor-element elementor-element-5583340 e-con-full e-flex e-con e-child\" data-id=\"5583340\" data-element_type=\"container\">\n\t\t\t\t<div class=\"elementor-element elementor-element-c67b47e elementor-icon-list--layout-inline elementor-align-left elementor-list-item-link-full_width elementor-widget elementor-widget-icon-list\" data-id=\"c67b47e\" data-element_type=\"widget\" data-widget_type=\"icon-list.default\">\n\t\t\t\t\t\t\t<ul class=\"elementor-icon-list-items elementor-inline-items\">\n\t\t\t\t\t\t\t<li class=\"elementor-icon-list-item elementor-inline-item\">\n\t\t\t\t\t\t\t\t\t\t<span class=\"elementor-icon-list-text\"><span style=\"color: white;\">S\u00e3o Roque do Cana\u00e3<\/span><\/span>\n\t\t\t\t\t\t\t\t\t<\/li>\n\t\t\t\t\t\t\t\t<li class=\"elementor-icon-list-item elementor-inline-item\">\n\t\t\t\t\t\t\t\t\t\t\t<span class=\"elementor-icon-list-icon\">\n\t\t\t\t\t\t\t<svg aria-hidden=\"true\" class=\"e-font-icon-svg e-fas-chevron-right\" viewbox=\"0 0 320 512\" xmlns=\"http:\/\/www.w3.org\/2000\/svg\"><path d=\"M285.476 272.971L91.132 467.314c-9.373 9.373-24.569 9.373-33.941 0l-22.667-22.667c-9.357-9.357-9.375-24.522-.04-33.901L188.505 256 34.484 101.255c-9.335-9.379-9.317-24.544.04-33.901l22.667-22.667c9.373-9.373 24.569-9.373 33.941 0L285.475 239.03c9.373 9.372 9.373 24.568.001 33.941z\"><\/path><\/svg>\t\t\t\t\t\t<\/span>\n\t\t\t\t\t\t\t\t\t\t<span class=\"elementor-icon-list-text\"><\/span>\n\t\t\t\t\t\t\t\t\t<\/li>\n\t\t\t\t\t\t\t\t<li class=\"elementor-icon-list-item elementor-inline-item\">\n\t\t\t\t\t\t\t\t\t\t<span class=\"elementor-icon-list-text\">La Historia<\/span>\n\t\t\t\t\t\t\t\t\t<\/li>\n\t\t\t\t\t\t<\/ul>\n\t\t\t\t\t\t<\/div>\n\t\t\t\t<div class=\"elementor-element elementor-element-4526dcc conteudo elementor-widget elementor-widget-text-editor\" data-id=\"4526dcc\" data-element_type=\"widget\" data-widget_type=\"text-editor.default\">\n\t\t\t\t\t\t\t\t\t<p><span style=\"font-weight: 400\">En el siglo XIX, los inmigrantes italianos, los cuales descendieron al Valle de la Prueba y se establecieron en un pueblo a las orillas del R\u00edo Santa Mar\u00eda del R\u00edo Dulce, que hoy en d\u00eda conocemos como el premio de la Prueba.<\/span><\/p>\n<p><span style=\"font-weight: 400\">Debido a las caracter\u00edsticas de la cultura europea, y de la gran peste que asol\u00f3 a la regi\u00f3n, a esos hombres y mujeres valientes, eligieron el nombre de la ciudad en honor de San Roque, el santo protector contra las enfermedades, muy honrado, en el norte de Italia, de donde eran originarios. En el a\u00f1o 1883, se ha creado un oratorio, en el que hoy se encuentra la Iglesia de la Matriz.<\/span><\/p>\n<p><span style=\"font-weight: 400\">El pueblo pas\u00f3 a ser un distrito de Santa Teresa, de la Ley Provincial n \u00b0 137\/81. El 25 de junio de 1995, se llev\u00f3 a cabo en la consulta de plebiscit\u00e1ria, seg\u00fan el Decreto Legislativo n \u00b0 02\/95. La capacitaci\u00f3n se ha celebrado el d\u00eda 15 de diciembre del mismo a\u00f1o, por medio de la Ley Provincial n \u00b0 5147, dando origen a la localidad de San Roque de la Prueba, nombre elegido en honor al Valle de Cana\u00e1n.<\/span><\/p>\n\t\t\t\t\t\t\t\t<\/div>\n\t\t\t\t<\/div>\n\t\t<div class=\"elementor-element elementor-element-38e3430 e-con-full e-flex e-con e-child\" data-id=\"38e3430\" data-element_type=\"container\">\n\t\t\t\t<div class=\"elementor-element elementor-element-d10cbc0 galeria elementor-widget elementor-widget-image-carousel\" data-id=\"d10cbc0\" data-element_type=\"widget\" data-settings=\"{&quot;slides_to_show&quot;:&quot;8&quot;,&quot;slides_to_scroll&quot;:&quot;2&quot;,&quot;navigation&quot;:&quot;none&quot;,&quot;image_spacing_custom&quot;:{&quot;unit&quot;:&quot;px&quot;,&quot;size&quot;:15,&quot;sizes&quot;:[]},&quot;autoplay&quot;:&quot;yes&quot;,&quot;pause_on_hover&quot;:&quot;yes&quot;,&quot;pause_on_interaction&quot;:&quot;yes&quot;,&quot;autoplay_speed&quot;:5000,&quot;speed&quot;:500,&quot;image_spacing_custom_tablet&quot;:{&quot;unit&quot;:&quot;px&quot;,&quot;size&quot;:&quot;&quot;,&quot;sizes&quot;:[]},&quot;image_spacing_custom_mobile&quot;:{&quot;unit&quot;:&quot;px&quot;,&quot;size&quot;:&quot;&quot;,&quot;sizes&quot;:[]}}\" data-widget_type=\"image-carousel.default\">\n\t\t\t\t\t\t\t<div class=\"elementor-image-carousel-wrapper swiper\" role=\"region\" aria-roledescription=\"carousel\" aria-label=\"Carrusel de im\u00e1genes\" dir=\"ltr\">\n\t\t\t<div class=\"elementor-image-carousel swiper-wrapper swiper-image-stretch\" aria-live=\"off\">\n\t\t\t\t\t\t\t\t<div class=\"swiper-slide\" role=\"group\" aria-roledescription=\"slide\" aria-label=\"1 de 3\"><a data-elementor-open-lightbox=\"yes\" data-elementor-lightbox-slideshow=\"d10cbc0\" data-e-action-hash=\"#elementor-action%3Aaction%3Dlightbox%26settings%3DeyJpZCI6IjE1OTUiLCJ1cmwiOiJodHRwczpcL1wvcG9ydGFsZG9pbWlncmFudGUucmVzdWx0YXRlLnNpdGVcL3dwLWNvbnRlbnRcL3VwbG9hZHNcLzIwMjVcLzA3XC9zYW8tcm9xdWUuanBnIiwic2xpZGVzaG93IjoiZDEwY2JjMCJ9\" href=\"https:\/\/portaldoimigrante.resultate.site\/wp-content\/uploads\/2025\/07\/sao-roque.jpg\"><figure class=\"swiper-slide-inner\"><img decoding=\"async\" class=\"swiper-slide-image\" src=\"https:\/\/portaldoimigrante.resultate.site\/wp-content\/uploads\/2025\/07\/sao-roque-1024x711.jpg\" alt=\"son-lima\" \/><\/figure><\/a><\/div><div class=\"swiper-slide\" role=\"group\" aria-roledescription=\"slide\" aria-label=\"2 de 3\"><a data-elementor-open-lightbox=\"yes\" data-elementor-lightbox-slideshow=\"d10cbc0\" data-e-action-hash=\"#elementor-action%3Aaction%3Dlightbox%26settings%3DeyJpZCI6IjE1OTMiLCJ1cmwiOiJodHRwczpcL1wvcG9ydGFsZG9pbWlncmFudGUucmVzdWx0YXRlLnNpdGVcL3dwLWNvbnRlbnRcL3VwbG9hZHNcLzIwMjVcLzA3XC9zYW8tcm9xdWUtZG8tY2FuYWFfaWdyZWphLW1hdHJpel90YWRldS1iaWFuY29uaS5qcGciLCJzbGlkZXNob3ciOiJkMTBjYmMwIn0%3D\" href=\"https:\/\/portaldoimigrante.resultate.site\/wp-content\/uploads\/2025\/07\/sao-roque-do-canaa_igreja-matriz_tadeu-bianconi.jpg\"><figure class=\"swiper-slide-inner\"><img decoding=\"async\" class=\"swiper-slide-image\" src=\"https:\/\/portaldoimigrante.resultate.site\/wp-content\/uploads\/2025\/07\/sao-roque-do-canaa_igreja-matriz_tadeu-bianconi-1024x686.jpg\" alt=\"son-agustin-del-canaa_igreja-matriz_tadeu-bianconi\" \/><\/figure><\/a><\/div><div class=\"swiper-slide\" role=\"group\" aria-roledescription=\"slide\" aria-label=\"3 de 3\"><a data-elementor-open-lightbox=\"yes\" data-elementor-lightbox-slideshow=\"d10cbc0\" data-e-action-hash=\"#elementor-action%3Aaction%3Dlightbox%26settings%3DeyJpZCI6IjE1OTYiLCJ1cmwiOiJodHRwczpcL1wvcG9ydGFsZG9pbWlncmFudGUucmVzdWx0YXRlLnNpdGVcL3dwLWNvbnRlbnRcL3VwbG9hZHNcLzIwMjVcLzA3XC9mb3RvLTMuanBnIiwic2xpZGVzaG93IjoiZDEwY2JjMCJ9\" href=\"https:\/\/portaldoimigrante.resultate.site\/wp-content\/uploads\/2025\/07\/foto-3.jpg\"><figure class=\"swiper-slide-inner\"><img decoding=\"async\" class=\"swiper-slide-image\" src=\"https:\/\/portaldoimigrante.resultate.site\/wp-content\/uploads\/2025\/07\/foto-3-1024x768.jpg\" alt=\"foto: 3\" \/><\/figure><\/a><\/div>\t\t\t<\/div>\n\t\t\t\t\t\t\t\n\t\t\t\t\t\t\t\t\t<\/div>\n\t\t\t\t\t\t<\/div>\n\t\t\t\t<\/div>\n\t\t\t\t<\/div>\n\t\t<div class=\"elementor-element elementor-element-71d52c8 e-con-full e-flex e-con e-child\" data-id=\"71d52c8\" data-element_type=\"container\">\n\t\t<div class=\"elementor-element elementor-element-279935a e-con-full e-flex e-con e-child\" data-id=\"279935a\" data-element_type=\"container\">\n\t\t\t\t<div class=\"elementor-element elementor-element-a3b12e8 espaco-patrocinador elementor-widget elementor-widget-image\" data-id=\"a3b12e8\" data-element_type=\"widget\" data-widget_type=\"image.default\">\n\t\t\t\t\t\t\t\t\t\t\t\t\t\t\t<img fetchpriority=\"high\" decoding=\"async\" width=\"1520\" height=\"136\" src=\"https:\/\/portaldoimigrante.resultate.site\/wp-content\/uploads\/2025\/06\/Frame-70.svg\" class=\"attachment-full size-full wp-image-72\" alt=\"\" \/>\t\t\t\t\t\t\t\t\t\t\t\t\t\t\t<\/div>\n\t\t\t\t<div class=\"elementor-element elementor-element-d29b006 elementor-widget elementor-widget-shortcode\" data-id=\"d29b006\" data-element_type=\"widget\" data-widget_type=\"shortcode.default\">\n\t\t\t\t\t\t\t<div class=\"elementor-shortcode\">\t\t<div data-elementor-type=\"section\" data-elementor-id=\"3042\" class=\"elementor elementor-3042\" data-elementor-post-type=\"elementor_library\">\n\t\t\t\t\t<\/div>\n\t\t<\/div>\n\t\t\t\t\t\t<\/div>\n\t\t\t\t<\/div>\n\t\t<div class=\"elementor-element elementor-element-5c3353b e-con-full e-flex e-con e-child\" data-id=\"5c3353b\" data-element_type=\"container\">\n\t\t\t\t<div class=\"elementor-element elementor-element-9b1efcc elementor-align-justify elementor-widget__width-initial elementor-widget elementor-widget-button\" data-id=\"9b1efcc\" data-element_type=\"widget\" data-widget_type=\"button.default\">\n\t\t\t\t\t\t\t\t\t\t<a class=\"elementor-button elementor-button-link elementor-size-sm\" href=\"\/es\/san-roque-del-canaa\/\">\n\t\t\t\t\t\t<span class=\"elementor-button-content-wrapper\">\n\t\t\t\t\t\t<span class=\"elementor-button-icon\">\n\t\t\t\t<svg xmlns=\"http:\/\/www.w3.org\/2000\/svg\" width=\"24\" height=\"24\" viewbox=\"0 0 24 24\" fill=\"none\"><path d=\"M5 12H19\" stroke=\"white\" stroke-width=\"1.5\" stroke-linecap=\"round\" stroke-linejoin=\"round\"><\/path><path d=\"M10 7L5 12\" stroke=\"white\" stroke-width=\"1.5\" stroke-linecap=\"round\" stroke-linejoin=\"round\"><\/path><path d=\"M10 17L5 12\" stroke=\"white\" stroke-width=\"1.5\" stroke-linecap=\"round\" stroke-linejoin=\"round\"><\/path><\/svg>\t\t\t<\/span>\n\t\t\t\t\t\t\t\t\t<span class=\"elementor-button-text\">Volver<\/span>\n\t\t\t\t\t<\/span>\n\t\t\t\t\t<\/a>\n\t\t\t\t\t\t\t\t<\/div>\n\t\t\t\t<\/div>\n\t\t\t\t<\/div>\n\t\t\t\t\t<\/div>\n\t\t\t\t<\/div>\n\t\t\t\t<\/div>","protected":false},"excerpt":{"rendered":"<p>Nuestra Historia Atractivos Tur\u00edsticos Eventos Experiencias Contactos S\u00e3o Roque do Cana\u00e3 Nuestra Historia Volver<\/p>","protected":false},"author":1,"featured_media":1619,"parent":859,"menu_order":3,"comment_status":"closed","ping_status":"closed","template":"","meta":{"footnotes":""},"class_list":["post-872","page","type-page","status-publish","has-post-thumbnail","hentry"],"yoast_head":"<!-- This site is optimized with the Yoast SEO plugin v25.4 - https:\/\/yoast.com\/wordpress\/plugins\/seo\/ -->\n<title>Nossa Hist\u00f3ria - Portal do Imigrante<\/title>\n<meta name=\"robots\" content=\"index, follow, max-snippet:-1, max-image-preview:large, max-video-preview:-1\" \/>\n<link rel=\"canonical\" href=\"https:\/\/portaldoimigrante.resultate.site\/es\/san-roque-del-canaa\/nuestra-historia\/\" \/>\n<meta property=\"og:locale\" content=\"es_ES\" \/>\n<meta property=\"og:type\" content=\"article\" \/>\n<meta property=\"og:title\" content=\"Nossa Hist\u00f3ria - Portal do Imigrante\" \/>\n<meta property=\"og:description\" content=\"Nossa Hist\u00f3ria Atrativos Tur\u00edsticos Eventos Experi\u00eancias Contatos S\u00e3o Roque do Cana\u00e3 Nossa Hist\u00f3ria Voltar\" \/>\n<meta property=\"og:url\" content=\"https:\/\/portaldoimigrante.resultate.site\/es\/san-roque-del-canaa\/nuestra-historia\/\" \/>\n<meta property=\"og:site_name\" content=\"Portal do Imigrante\" \/>\n<meta property=\"article:modified_time\" content=\"2026-02-13T14:22:07+00:00\" \/>\n<meta property=\"og:image\" content=\"https:\/\/portaldoimigrante.resultate.site\/wp-content\/uploads\/2025\/07\/SAO-ROQUE-DO-CANAA-scaled.jpg\" \/>\n\t<meta property=\"og:image:width\" content=\"2048\" \/>\n\t<meta property=\"og:image:height\" content=\"1366\" \/>\n\t<meta property=\"og:image:type\" content=\"image\/jpeg\" \/>\n<meta name=\"twitter:card\" content=\"summary_large_image\" \/>\n<script type=\"application\/ld+json\" class=\"yoast-schema-graph\">{\"@context\":\"https:\/\/schema.org\",\"@graph\":[{\"@type\":\"WebPage\",\"@id\":\"https:\/\/portaldoimigrante.resultate.site\/sao-roque-do-canaa\/nossa-historia\/\",\"url\":\"https:\/\/portaldoimigrante.resultate.site\/sao-roque-do-canaa\/nossa-historia\/\",\"name\":\"Nossa Hist\u00f3ria - Portal do Imigrante\",\"isPartOf\":{\"@id\":\"https:\/\/portaldoimigrante.resultate.site\/#website\"},\"primaryImageOfPage\":{\"@id\":\"https:\/\/portaldoimigrante.resultate.site\/sao-roque-do-canaa\/nossa-historia\/#primaryimage\"},\"image\":{\"@id\":\"https:\/\/portaldoimigrante.resultate.site\/sao-roque-do-canaa\/nossa-historia\/#primaryimage\"},\"thumbnailUrl\":\"https:\/\/portaldoimigrante.resultate.site\/wp-content\/uploads\/2025\/07\/SAO-ROQUE-DO-CANAA-scaled.jpg\",\"datePublished\":\"2025-07-02T14:35:28+00:00\",\"dateModified\":\"2026-02-13T14:22:07+00:00\",\"breadcrumb\":{\"@id\":\"https:\/\/portaldoimigrante.resultate.site\/sao-roque-do-canaa\/nossa-historia\/#breadcrumb\"},\"inLanguage\":\"es\",\"potentialAction\":[{\"@type\":\"ReadAction\",\"target\":[\"https:\/\/portaldoimigrante.resultate.site\/sao-roque-do-canaa\/nossa-historia\/\"]}]},{\"@type\":\"ImageObject\",\"inLanguage\":\"es\",\"@id\":\"https:\/\/portaldoimigrante.resultate.site\/sao-roque-do-canaa\/nossa-historia\/#primaryimage\",\"url\":\"https:\/\/portaldoimigrante.resultate.site\/wp-content\/uploads\/2025\/07\/SAO-ROQUE-DO-CANAA-scaled.jpg\",\"contentUrl\":\"https:\/\/portaldoimigrante.resultate.site\/wp-content\/uploads\/2025\/07\/SAO-ROQUE-DO-CANAA-scaled.jpg\",\"width\":2048,\"height\":1366},{\"@type\":\"BreadcrumbList\",\"@id\":\"https:\/\/portaldoimigrante.resultate.site\/sao-roque-do-canaa\/nossa-historia\/#breadcrumb\",\"itemListElement\":[{\"@type\":\"ListItem\",\"position\":1,\"name\":\"Home\",\"item\":\"https:\/\/portaldoimigrante.resultate.site\/\"},{\"@type\":\"ListItem\",\"position\":2,\"name\":\"S\u00e3o Roque do Cana\u00e3\",\"item\":\"https:\/\/portaldoimigrante.resultate.site\/sao-roque-do-canaa\/\"},{\"@type\":\"ListItem\",\"position\":3,\"name\":\"Nossa Hist\u00f3ria\"}]},{\"@type\":\"WebSite\",\"@id\":\"https:\/\/portaldoimigrante.resultate.site\/#website\",\"url\":\"https:\/\/portaldoimigrante.resultate.site\/\",\"name\":\"Portal do Imigrante\",\"description\":\"\",\"potentialAction\":[{\"@type\":\"SearchAction\",\"target\":{\"@type\":\"EntryPoint\",\"urlTemplate\":\"https:\/\/portaldoimigrante.resultate.site\/?s={search_term_string}\"},\"query-input\":{\"@type\":\"PropertyValueSpecification\",\"valueRequired\":true,\"valueName\":\"search_term_string\"}}],\"inLanguage\":\"es\"}]}<\/script>\n<!-- \/ Yoast SEO plugin. -->","yoast_head_json":{"title":"Nossa Hist\u00f3ria - Portal do Imigrante","robots":{"index":"index","follow":"follow","max-snippet":"max-snippet:-1","max-image-preview":"max-image-preview:large","max-video-preview":"max-video-preview:-1"},"canonical":"https:\/\/portaldoimigrante.resultate.site\/es\/san-roque-del-canaa\/nuestra-historia\/","og_locale":"es_ES","og_type":"article","og_title":"Nossa Hist\u00f3ria - Portal do Imigrante","og_description":"Nossa Hist\u00f3ria Atrativos Tur\u00edsticos Eventos Experi\u00eancias Contatos S\u00e3o Roque do Cana\u00e3 Nossa Hist\u00f3ria Voltar","og_url":"https:\/\/portaldoimigrante.resultate.site\/es\/san-roque-del-canaa\/nuestra-historia\/","og_site_name":"Portal do Imigrante","article_modified_time":"2026-02-13T14:22:07+00:00","og_image":[{"width":2048,"height":1366,"url":"https:\/\/portaldoimigrante.resultate.site\/wp-content\/uploads\/2025\/07\/SAO-ROQUE-DO-CANAA-scaled.jpg","type":"image\/jpeg"}],"twitter_card":"summary_large_image","schema":{"@context":"https:\/\/schema.org","@graph":[{"@type":"WebPage","@id":"https:\/\/portaldoimigrante.resultate.site\/sao-roque-do-canaa\/nossa-historia\/","url":"https:\/\/portaldoimigrante.resultate.site\/sao-roque-do-canaa\/nossa-historia\/","name":"Nossa Hist\u00f3ria - Portal do Imigrante","isPartOf":{"@id":"https:\/\/portaldoimigrante.resultate.site\/#website"},"primaryImageOfPage":{"@id":"https:\/\/portaldoimigrante.resultate.site\/sao-roque-do-canaa\/nossa-historia\/#primaryimage"},"image":{"@id":"https:\/\/portaldoimigrante.resultate.site\/sao-roque-do-canaa\/nossa-historia\/#primaryimage"},"thumbnailUrl":"https:\/\/portaldoimigrante.resultate.site\/wp-content\/uploads\/2025\/07\/SAO-ROQUE-DO-CANAA-scaled.jpg","datePublished":"2025-07-02T14:35:28+00:00","dateModified":"2026-02-13T14:22:07+00:00","breadcrumb":{"@id":"https:\/\/portaldoimigrante.resultate.site\/sao-roque-do-canaa\/nossa-historia\/#breadcrumb"},"inLanguage":"es","potentialAction":[{"@type":"ReadAction","target":["https:\/\/portaldoimigrante.resultate.site\/sao-roque-do-canaa\/nossa-historia\/"]}]},{"@type":"ImageObject","inLanguage":"es","@id":"https:\/\/portaldoimigrante.resultate.site\/sao-roque-do-canaa\/nossa-historia\/#primaryimage","url":"https:\/\/portaldoimigrante.resultate.site\/wp-content\/uploads\/2025\/07\/SAO-ROQUE-DO-CANAA-scaled.jpg","contentUrl":"https:\/\/portaldoimigrante.resultate.site\/wp-content\/uploads\/2025\/07\/SAO-ROQUE-DO-CANAA-scaled.jpg","width":2048,"height":1366},{"@type":"BreadcrumbList","@id":"https:\/\/portaldoimigrante.resultate.site\/sao-roque-do-canaa\/nossa-historia\/#breadcrumb","itemListElement":[{"@type":"ListItem","position":1,"name":"Home","item":"https:\/\/portaldoimigrante.resultate.site\/"},{"@type":"ListItem","position":2,"name":"S\u00e3o Roque do Cana\u00e3","item":"https:\/\/portaldoimigrante.resultate.site\/sao-roque-do-canaa\/"},{"@type":"ListItem","position":3,"name":"Nossa Hist\u00f3ria"}]},{"@type":"WebSite","@id":"https:\/\/portaldoimigrante.resultate.site\/#website","url":"https:\/\/portaldoimigrante.resultate.site\/","name":"Portal do Imigrante","description":"","potentialAction":[{"@type":"SearchAction","target":{"@type":"EntryPoint","urlTemplate":"https:\/\/portaldoimigrante.resultate.site\/?s={search_term_string}"},"query-input":{"@type":"PropertyValueSpecification","valueRequired":true,"valueName":"search_term_string"}}],"inLanguage":"es"}]}},"_links":{"self":[{"href":"https:\/\/portaldoimigrante.resultate.site\/es\/wp-json\/wp\/v2\/pages\/872","targetHints":{"allow":["GET"]}}],"collection":[{"href":"https:\/\/portaldoimigrante.resultate.site\/es\/wp-json\/wp\/v2\/pages"}],"about":[{"href":"https:\/\/portaldoimigrante.resultate.site\/es\/wp-json\/wp\/v2\/types\/page"}],"author":[{"embeddable":true,"href":"https:\/\/portaldoimigrante.resultate.site\/es\/wp-json\/wp\/v2\/users\/1"}],"replies":[{"embeddable":true,"href":"https:\/\/portaldoimigrante.resultate.site\/es\/wp-json\/wp\/v2\/comments?post=872"}],"version-history":[{"count":6,"href":"https:\/\/portaldoimigrante.resultate.site\/es\/wp-json\/wp\/v2\/pages\/872\/revisions"}],"predecessor-version":[{"id":3204,"href":"https:\/\/portaldoimigrante.resultate.site\/es\/wp-json\/wp\/v2\/pages\/872\/revisions\/3204"}],"up":[{"embeddable":true,"href":"https:\/\/portaldoimigrante.resultate.site\/es\/wp-json\/wp\/v2\/pages\/859"}],"wp:featuredmedia":[{"embeddable":true,"href":"https:\/\/portaldoimigrante.resultate.site\/es\/wp-json\/wp\/v2\/media\/1619"}],"wp:attachment":[{"href":"https:\/\/portaldoimigrante.resultate.site\/es\/wp-json\/wp\/v2\/media?parent=872"}],"curies":[{"name":"wp","href":"https:\/\/api.w.org\/{rel}","templated":true}]}}